{"id":4483,"date":"2025-10-13T16:19:39","date_gmt":"2025-10-13T14:19:39","guid":{"rendered":"https:\/\/nd.gaz69.cz\/?post_type=product&#038;p=4483"},"modified":"2025-10-13T16:20:12","modified_gmt":"2025-10-13T14:20:12","slug":"zadni-polosa-prava-kratka-original","status":"publish","type":"product","link":"https:\/\/nd.gaz69.cz\/en\/produkt\/zadni-polosa-prava-kratka-original\/","title":{"rendered":"Zadn\u00ed poloosa &#8211; prav\u00e1 &#8211; kr\u00e1tk\u00e1 &#8211; ORIGIN\u00c1L !"},"content":{"rendered":"<p>Origin\u00e1l. Nov\u00e1.<\/p>\n","protected":false},"excerpt":{"rendered":"<p>Origin\u00e1l. Nov\u00e1.<\/p>\n","protected":false},"featured_media":4485,"template":"","meta":[],"product_brand":[],"product_cat":[28,54],"product_tag":[],"class_list":{"0":"post-4483","1":"product","2":"type-product","3":"status-publish","4":"has-post-thumbnail","6":"product_cat-podvozek","7":"product_cat-uaz_469_uaz_452","9":"first","10":"instock","11":"shipping-taxable","12":"purchasable","13":"product-type-simple"},"_links":{"self":[{"href":"https:\/\/nd.gaz69.cz\/en\/wp-json\/wp\/v2\/product\/4483","targetHints":{"allow":["GET"]}}],"collection":[{"href":"https:\/\/nd.gaz69.cz\/en\/wp-json\/wp\/v2\/product"}],"about":[{"href":"https:\/\/nd.gaz69.cz\/en\/wp-json\/wp\/v2\/types\/product"}],"wp:featuredmedia":[{"embeddable":true,"href":"https:\/\/nd.gaz69.cz\/en\/wp-json\/wp\/v2\/media\/4485"}],"wp:attachment":[{"href":"https:\/\/nd.gaz69.cz\/en\/wp-json\/wp\/v2\/media?parent=4483"}],"wp:term":[{"taxonomy":"product_brand","embeddable":true,"href":"https:\/\/nd.gaz69.cz\/en\/wp-json\/wp\/v2\/product_brand?post=4483"},{"taxonomy":"product_cat","embeddable":true,"href":"https:\/\/nd.gaz69.cz\/en\/wp-json\/wp\/v2\/product_cat?post=4483"},{"taxonomy":"product_tag","embeddable":true,"href":"https:\/\/nd.gaz69.cz\/en\/wp-json\/wp\/v2\/product_tag?post=4483"}],"curies":[{"name":"wp","href":"https:\/\/api.w.org\/{rel}","templated":true}]}}