{"id":446,"date":"2024-04-04T20:01:12","date_gmt":"2024-04-04T18:01:12","guid":{"rendered":"https:\/\/nd.gaz69.cz\/?post_type=product&#038;p=446"},"modified":"2025-07-01T15:38:50","modified_gmt":"2025-07-01T13:38:50","slug":"zavrtny-sroub-hlavy-valcu-m11x68mm","status":"publish","type":"product","link":"https:\/\/nd.gaz69.cz\/en\/produkt\/zavrtny-sroub-hlavy-valcu-m11x68mm\/","title":{"rendered":"Z\u00e1vrtn\u00fd \u0161roub hlavy v\u00e1lc\u016f &#8211; M11x68mm &#8211; ORIGIN\u00c1L !"},"content":{"rendered":"<p>Origin\u00e1l. Nov\u00fd.<\/p>\n","protected":false},"excerpt":{"rendered":"<p>Origin\u00e1l. Nov\u00fd.<\/p>\n","protected":false},"featured_media":447,"template":"","meta":[],"product_brand":[],"product_cat":[18],"product_tag":[],"class_list":{"0":"post-446","1":"product","2":"type-product","3":"status-publish","4":"has-post-thumbnail","6":"product_cat-motor_spojka_prevodovky","8":"first","9":"instock","10":"shipping-taxable","11":"purchasable","12":"product-type-simple"},"_links":{"self":[{"href":"https:\/\/nd.gaz69.cz\/en\/wp-json\/wp\/v2\/product\/446","targetHints":{"allow":["GET"]}}],"collection":[{"href":"https:\/\/nd.gaz69.cz\/en\/wp-json\/wp\/v2\/product"}],"about":[{"href":"https:\/\/nd.gaz69.cz\/en\/wp-json\/wp\/v2\/types\/product"}],"wp:featuredmedia":[{"embeddable":true,"href":"https:\/\/nd.gaz69.cz\/en\/wp-json\/wp\/v2\/media\/447"}],"wp:attachment":[{"href":"https:\/\/nd.gaz69.cz\/en\/wp-json\/wp\/v2\/media?parent=446"}],"wp:term":[{"taxonomy":"product_brand","embeddable":true,"href":"https:\/\/nd.gaz69.cz\/en\/wp-json\/wp\/v2\/product_brand?post=446"},{"taxonomy":"product_cat","embeddable":true,"href":"https:\/\/nd.gaz69.cz\/en\/wp-json\/wp\/v2\/product_cat?post=446"},{"taxonomy":"product_tag","embeddable":true,"href":"https:\/\/nd.gaz69.cz\/en\/wp-json\/wp\/v2\/product_tag?post=446"}],"curies":[{"name":"wp","href":"https:\/\/api.w.org\/{rel}","templated":true}]}}