{"id":4379,"date":"2025-09-30T18:10:45","date_gmt":"2025-09-30T16:10:45","guid":{"rendered":"https:\/\/nd.gaz69.cz\/?post_type=product&#038;p=4379"},"modified":"2025-09-30T18:10:48","modified_gmt":"2025-09-30T16:10:48","slug":"sestava-zavrtnych-sroubu-bloku-valcu-original","status":"publish","type":"product","link":"https:\/\/nd.gaz69.cz\/en\/produkt\/sestava-zavrtnych-sroubu-bloku-valcu-original\/","title":{"rendered":"Sestava z\u00e1vrtn\u00fdch \u0161roub\u016f bloku v\u00e1lc\u016f &#8211; ORIGIN\u00c1L !"},"content":{"rendered":"<p>Origin\u00e1l. Nov\u00e9.<\/p>\n<p>Sestava se skl\u00e1d\u00e1 z 22 ks ( M11 x 68 mm ) a z 1 ks ( M11 x 85 mm ).<\/p>\n<p><strong>Cena je uvedena za celou sestavu .<\/strong><\/p>\n","protected":false},"excerpt":{"rendered":"<p>Origin\u00e1l. Nov\u00e9. Sestava se skl\u00e1d\u00e1 z 22 ks ( M11 x 68 mm ) a z 1 ks ( M11 x 85 mm ). Cena je uvedena za celou sestavu .<\/p>\n","protected":false},"featured_media":4380,"template":"","meta":[],"product_brand":[],"product_cat":[18],"product_tag":[],"class_list":{"0":"post-4379","1":"product","2":"type-product","3":"status-publish","4":"has-post-thumbnail","6":"product_cat-motor_spojka_prevodovky","8":"first","9":"instock","10":"shipping-taxable","11":"purchasable","12":"product-type-simple"},"_links":{"self":[{"href":"https:\/\/nd.gaz69.cz\/en\/wp-json\/wp\/v2\/product\/4379","targetHints":{"allow":["GET"]}}],"collection":[{"href":"https:\/\/nd.gaz69.cz\/en\/wp-json\/wp\/v2\/product"}],"about":[{"href":"https:\/\/nd.gaz69.cz\/en\/wp-json\/wp\/v2\/types\/product"}],"wp:featuredmedia":[{"embeddable":true,"href":"https:\/\/nd.gaz69.cz\/en\/wp-json\/wp\/v2\/media\/4380"}],"wp:attachment":[{"href":"https:\/\/nd.gaz69.cz\/en\/wp-json\/wp\/v2\/media?parent=4379"}],"wp:term":[{"taxonomy":"product_brand","embeddable":true,"href":"https:\/\/nd.gaz69.cz\/en\/wp-json\/wp\/v2\/product_brand?post=4379"},{"taxonomy":"product_cat","embeddable":true,"href":"https:\/\/nd.gaz69.cz\/en\/wp-json\/wp\/v2\/product_cat?post=4379"},{"taxonomy":"product_tag","embeddable":true,"href":"https:\/\/nd.gaz69.cz\/en\/wp-json\/wp\/v2\/product_tag?post=4379"}],"curies":[{"name":"wp","href":"https:\/\/api.w.org\/{rel}","templated":true}]}}