{"id":4374,"date":"2025-08-24T10:00:08","date_gmt":"2025-08-24T08:00:08","guid":{"rendered":"https:\/\/nd.gaz69.cz\/?post_type=product&#038;p=4374"},"modified":"2025-10-07T15:53:56","modified_gmt":"2025-10-07T13:53:56","slug":"plechy-na-delici-stenu-zadni-casti-kabiny-a-zavazadloveho-prostoru-gaz-69-a","status":"publish","type":"product","link":"https:\/\/nd.gaz69.cz\/en\/produkt\/plechy-na-delici-stenu-zadni-casti-kabiny-a-zavazadloveho-prostoru-gaz-69-a\/","title":{"rendered":"Plechy na d\u011bl\u00edc\u00ed st\u011bnu zadn\u00ed \u010d\u00e1sti kabiny a zavazadlov\u00e9ho prostoru &#8211; Gaz 69 A"},"content":{"rendered":"<p>Analog. Nov\u00e9.<\/p>\n<p><strong>Cena je uvedena za 2 ks ( lev\u00e1 strana + prav\u00e1 strana ).<\/strong><\/p>\n","protected":false},"excerpt":{"rendered":"<p>Analog. Nov\u00e9. Cena je uvedena za 2 ks ( lev\u00e1 strana + prav\u00e1 strana ).<\/p>\n","protected":false},"featured_media":4375,"template":"","meta":[],"product_brand":[],"product_cat":[45,27],"product_tag":[],"class_list":{"0":"post-4374","1":"product","2":"type-product","3":"status-publish","4":"has-post-thumbnail","6":"product_cat-casti_kabiny","7":"product_cat-karoserie","9":"first","10":"instock","11":"shipping-taxable","12":"purchasable","13":"product-type-simple"},"_links":{"self":[{"href":"https:\/\/nd.gaz69.cz\/en\/wp-json\/wp\/v2\/product\/4374","targetHints":{"allow":["GET"]}}],"collection":[{"href":"https:\/\/nd.gaz69.cz\/en\/wp-json\/wp\/v2\/product"}],"about":[{"href":"https:\/\/nd.gaz69.cz\/en\/wp-json\/wp\/v2\/types\/product"}],"wp:featuredmedia":[{"embeddable":true,"href":"https:\/\/nd.gaz69.cz\/en\/wp-json\/wp\/v2\/media\/4375"}],"wp:attachment":[{"href":"https:\/\/nd.gaz69.cz\/en\/wp-json\/wp\/v2\/media?parent=4374"}],"wp:term":[{"taxonomy":"product_brand","embeddable":true,"href":"https:\/\/nd.gaz69.cz\/en\/wp-json\/wp\/v2\/product_brand?post=4374"},{"taxonomy":"product_cat","embeddable":true,"href":"https:\/\/nd.gaz69.cz\/en\/wp-json\/wp\/v2\/product_cat?post=4374"},{"taxonomy":"product_tag","embeddable":true,"href":"https:\/\/nd.gaz69.cz\/en\/wp-json\/wp\/v2\/product_tag?post=4374"}],"curies":[{"name":"wp","href":"https:\/\/api.w.org\/{rel}","templated":true}]}}