{"id":4364,"date":"2025-09-30T17:48:39","date_gmt":"2025-09-30T15:48:39","guid":{"rendered":"https:\/\/nd.gaz69.cz\/?post_type=product&#038;p=4364"},"modified":"2025-09-30T17:49:06","modified_gmt":"2025-09-30T15:49:06","slug":"oblouk-konstrukce-plachty-predni-original","status":"publish","type":"product","link":"https:\/\/nd.gaz69.cz\/en\/produkt\/oblouk-konstrukce-plachty-predni-original\/","title":{"rendered":"Oblouk konstrukce plachty Gaz 69 A &#8211; p\u0159edn\u00ed &#8211; ORIGIN\u00c1L !"},"content":{"rendered":"<p>Origin\u00e1l. Nov\u00fd.<\/p>\n<p><strong>Oblouk se vkl\u00e1d\u00e1 p\u0159\u00edmo do p\u0159edn\u00ed \u010d\u00e1sti plachty a n\u00e1sledn\u011b je uchycen na vn\u011bj\u0161\u00edm r\u00e1mu p\u0159edn\u00edho okna Gaz 69 A.<\/strong><\/p>\n","protected":false},"excerpt":{"rendered":"<p>Origin\u00e1l. Nov\u00fd. Oblouk se vkl\u00e1d\u00e1 p\u0159\u00edmo do p\u0159edn\u00ed \u010d\u00e1sti plachty a n\u00e1sledn\u011b je uchycen na vn\u011bj\u0161\u00edm r\u00e1mu p\u0159edn\u00edho okna Gaz 69 A.<\/p>\n","protected":false},"featured_media":4365,"template":"","meta":[],"product_brand":[],"product_cat":[45,27],"product_tag":[],"class_list":{"0":"post-4364","1":"product","2":"type-product","3":"status-publish","4":"has-post-thumbnail","6":"product_cat-casti_kabiny","7":"product_cat-karoserie","9":"first","10":"instock","11":"shipping-taxable","12":"purchasable","13":"product-type-simple"},"_links":{"self":[{"href":"https:\/\/nd.gaz69.cz\/en\/wp-json\/wp\/v2\/product\/4364","targetHints":{"allow":["GET"]}}],"collection":[{"href":"https:\/\/nd.gaz69.cz\/en\/wp-json\/wp\/v2\/product"}],"about":[{"href":"https:\/\/nd.gaz69.cz\/en\/wp-json\/wp\/v2\/types\/product"}],"wp:featuredmedia":[{"embeddable":true,"href":"https:\/\/nd.gaz69.cz\/en\/wp-json\/wp\/v2\/media\/4365"}],"wp:attachment":[{"href":"https:\/\/nd.gaz69.cz\/en\/wp-json\/wp\/v2\/media?parent=4364"}],"wp:term":[{"taxonomy":"product_brand","embeddable":true,"href":"https:\/\/nd.gaz69.cz\/en\/wp-json\/wp\/v2\/product_brand?post=4364"},{"taxonomy":"product_cat","embeddable":true,"href":"https:\/\/nd.gaz69.cz\/en\/wp-json\/wp\/v2\/product_cat?post=4364"},{"taxonomy":"product_tag","embeddable":true,"href":"https:\/\/nd.gaz69.cz\/en\/wp-json\/wp\/v2\/product_tag?post=4364"}],"curies":[{"name":"wp","href":"https:\/\/api.w.org\/{rel}","templated":true}]}}