{"id":4361,"date":"2025-09-30T17:45:39","date_gmt":"2025-09-30T15:45:39","guid":{"rendered":"https:\/\/nd.gaz69.cz\/?post_type=product&#038;p=4361"},"modified":"2025-09-30T17:45:42","modified_gmt":"2025-09-30T15:45:42","slug":"plachta-nadstavce-dveri-ridice-gaz-69-gaz-69-a-original","status":"publish","type":"product","link":"https:\/\/nd.gaz69.cz\/en\/produkt\/plachta-nadstavce-dveri-ridice-gaz-69-gaz-69-a-original\/","title":{"rendered":"Plachta n\u00e1dstavce dve\u0159\u00ed \u0159idi\u010de &#8211; Gaz 69 \/ Gaz 69 A &#8211; ORIGIN\u00c1L !"},"content":{"rendered":"<p>Origin\u00e1l. Nov\u00e1.<\/p>\n<p><strong>Bohu\u017eel nese zn\u00e1mky skladov\u00e1n\u00ed, viz. foto.<\/strong><\/p>\n","protected":false},"excerpt":{"rendered":"<p>Origin\u00e1l. Nov\u00e1. Bohu\u017eel nese zn\u00e1mky skladov\u00e1n\u00ed, viz. foto.<\/p>\n","protected":false},"featured_media":4362,"template":"","meta":[],"product_brand":[],"product_cat":[45,27],"product_tag":[],"class_list":{"0":"post-4361","1":"product","2":"type-product","3":"status-publish","4":"has-post-thumbnail","6":"product_cat-casti_kabiny","7":"product_cat-karoserie","9":"first","10":"instock","11":"shipping-taxable","12":"purchasable","13":"product-type-simple"},"_links":{"self":[{"href":"https:\/\/nd.gaz69.cz\/en\/wp-json\/wp\/v2\/product\/4361","targetHints":{"allow":["GET"]}}],"collection":[{"href":"https:\/\/nd.gaz69.cz\/en\/wp-json\/wp\/v2\/product"}],"about":[{"href":"https:\/\/nd.gaz69.cz\/en\/wp-json\/wp\/v2\/types\/product"}],"wp:featuredmedia":[{"embeddable":true,"href":"https:\/\/nd.gaz69.cz\/en\/wp-json\/wp\/v2\/media\/4362"}],"wp:attachment":[{"href":"https:\/\/nd.gaz69.cz\/en\/wp-json\/wp\/v2\/media?parent=4361"}],"wp:term":[{"taxonomy":"product_brand","embeddable":true,"href":"https:\/\/nd.gaz69.cz\/en\/wp-json\/wp\/v2\/product_brand?post=4361"},{"taxonomy":"product_cat","embeddable":true,"href":"https:\/\/nd.gaz69.cz\/en\/wp-json\/wp\/v2\/product_cat?post=4361"},{"taxonomy":"product_tag","embeddable":true,"href":"https:\/\/nd.gaz69.cz\/en\/wp-json\/wp\/v2\/product_tag?post=4361"}],"curies":[{"name":"wp","href":"https:\/\/api.w.org\/{rel}","templated":true}]}}