{"id":4358,"date":"2025-09-30T17:42:56","date_gmt":"2025-09-30T15:42:56","guid":{"rendered":"https:\/\/nd.gaz69.cz\/?post_type=product&#038;p=4358"},"modified":"2025-09-30T17:42:59","modified_gmt":"2025-09-30T15:42:59","slug":"nadstavec-dveri-gaz-69a-original","status":"publish","type":"product","link":"https:\/\/nd.gaz69.cz\/en\/produkt\/nadstavec-dveri-gaz-69a-original\/","title":{"rendered":"N\u00e1dstavec dve\u0159\u00ed &#8211; Gaz 69A &#8211; ORIGIN\u00c1L !"},"content":{"rendered":"<p>Origin\u00e1l. Nov\u00fd. Kompletn\u00ed.<\/p>\n<p><strong>N\u00e1dstavec lze um\u00edstit pouze na zadn\u00ed dve\u0159e za \u0159idi\u010de.<\/strong><\/p>\n<p><strong>Ostatn\u00ed n\u00e1dstavce nejsou skladem.<\/strong><\/p>\n","protected":false},"excerpt":{"rendered":"<p>Origin\u00e1l. Nov\u00fd. Kompletn\u00ed. N\u00e1dstavec lze um\u00edstit pouze na zadn\u00ed dve\u0159e za \u0159idi\u010de. Ostatn\u00ed n\u00e1dstavce nejsou skladem.<\/p>\n","protected":false},"featured_media":4359,"template":"","meta":[],"product_brand":[],"product_cat":[45,27],"product_tag":[],"class_list":{"0":"post-4358","1":"product","2":"type-product","3":"status-publish","4":"has-post-thumbnail","6":"product_cat-casti_kabiny","7":"product_cat-karoserie","9":"first","10":"instock","11":"shipping-taxable","12":"purchasable","13":"product-type-simple"},"_links":{"self":[{"href":"https:\/\/nd.gaz69.cz\/en\/wp-json\/wp\/v2\/product\/4358","targetHints":{"allow":["GET"]}}],"collection":[{"href":"https:\/\/nd.gaz69.cz\/en\/wp-json\/wp\/v2\/product"}],"about":[{"href":"https:\/\/nd.gaz69.cz\/en\/wp-json\/wp\/v2\/types\/product"}],"wp:featuredmedia":[{"embeddable":true,"href":"https:\/\/nd.gaz69.cz\/en\/wp-json\/wp\/v2\/media\/4359"}],"wp:attachment":[{"href":"https:\/\/nd.gaz69.cz\/en\/wp-json\/wp\/v2\/media?parent=4358"}],"wp:term":[{"taxonomy":"product_brand","embeddable":true,"href":"https:\/\/nd.gaz69.cz\/en\/wp-json\/wp\/v2\/product_brand?post=4358"},{"taxonomy":"product_cat","embeddable":true,"href":"https:\/\/nd.gaz69.cz\/en\/wp-json\/wp\/v2\/product_cat?post=4358"},{"taxonomy":"product_tag","embeddable":true,"href":"https:\/\/nd.gaz69.cz\/en\/wp-json\/wp\/v2\/product_tag?post=4358"}],"curies":[{"name":"wp","href":"https:\/\/api.w.org\/{rel}","templated":true}]}}