{"id":4346,"date":"2025-09-30T17:33:30","date_gmt":"2025-09-30T15:33:30","guid":{"rendered":"https:\/\/nd.gaz69.cz\/?post_type=product&#038;p=4346"},"modified":"2025-09-30T17:33:38","modified_gmt":"2025-09-30T15:33:38","slug":"gaz-69-a-trubkovy-ram-nadstavce-dveri-original","status":"publish","type":"product","link":"https:\/\/nd.gaz69.cz\/en\/produkt\/gaz-69-a-trubkovy-ram-nadstavce-dveri-original\/","title":{"rendered":"Gaz 69 A &#8211; trubkov\u00fd r\u00e1m n\u00e1dstavce dve\u0159\u00ed &#8211; ORIGIN\u00c1L !"},"content":{"rendered":"<p>Origin\u00e1l. Nov\u00fd.<\/p>\n<p><strong>Lze pou\u017e\u00edt na zadn\u00ed dve\u0159e za \u0159idi\u010de a na zadn\u00ed dve\u0159e za spolujezdce.<\/strong><\/p>\n<p><strong>R\u00e1m lze upravit i na dve\u0159e \u0159idi\u010de i spolujezdce.<\/strong><\/p>\n<p><strong>Skladem je velk\u00e9 mno\u017estv\u00ed, lze tedy vytvo\u0159it r\u00e1my na cel\u00fd Gaz 69A.<\/strong><\/p>\n","protected":false},"excerpt":{"rendered":"<p>Origin\u00e1l. Nov\u00fd. Lze pou\u017e\u00edt na zadn\u00ed dve\u0159e za \u0159idi\u010de a na zadn\u00ed dve\u0159e za spolujezdce. R\u00e1m lze upravit i na dve\u0159e \u0159idi\u010de i spolujezdce. Skladem je velk\u00e9 mno\u017estv\u00ed, lze tedy vytvo\u0159it r\u00e1my na cel\u00fd Gaz 69A.<\/p>\n","protected":false},"featured_media":4347,"template":"","meta":[],"product_brand":[],"product_cat":[45,27],"product_tag":[],"class_list":{"0":"post-4346","1":"product","2":"type-product","3":"status-publish","4":"has-post-thumbnail","6":"product_cat-casti_kabiny","7":"product_cat-karoserie","9":"first","10":"instock","11":"shipping-taxable","12":"purchasable","13":"product-type-simple"},"_links":{"self":[{"href":"https:\/\/nd.gaz69.cz\/en\/wp-json\/wp\/v2\/product\/4346","targetHints":{"allow":["GET"]}}],"collection":[{"href":"https:\/\/nd.gaz69.cz\/en\/wp-json\/wp\/v2\/product"}],"about":[{"href":"https:\/\/nd.gaz69.cz\/en\/wp-json\/wp\/v2\/types\/product"}],"wp:featuredmedia":[{"embeddable":true,"href":"https:\/\/nd.gaz69.cz\/en\/wp-json\/wp\/v2\/media\/4347"}],"wp:attachment":[{"href":"https:\/\/nd.gaz69.cz\/en\/wp-json\/wp\/v2\/media?parent=4346"}],"wp:term":[{"taxonomy":"product_brand","embeddable":true,"href":"https:\/\/nd.gaz69.cz\/en\/wp-json\/wp\/v2\/product_brand?post=4346"},{"taxonomy":"product_cat","embeddable":true,"href":"https:\/\/nd.gaz69.cz\/en\/wp-json\/wp\/v2\/product_cat?post=4346"},{"taxonomy":"product_tag","embeddable":true,"href":"https:\/\/nd.gaz69.cz\/en\/wp-json\/wp\/v2\/product_tag?post=4346"}],"curies":[{"name":"wp","href":"https:\/\/api.w.org\/{rel}","templated":true}]}}