{"id":4341,"date":"2025-09-30T10:46:30","date_gmt":"2025-09-30T08:46:30","guid":{"rendered":"https:\/\/nd.gaz69.cz\/?post_type=product&#038;p=4341"},"modified":"2025-09-30T10:46:37","modified_gmt":"2025-09-30T08:46:37","slug":"tesneni-palivoveho-cerpadla","status":"publish","type":"product","link":"https:\/\/nd.gaz69.cz\/en\/produkt\/tesneni-palivoveho-cerpadla\/","title":{"rendered":"T\u011bsn\u011bn\u00ed palivov\u00e9ho \u010derpadla"},"content":{"rendered":"<p>Analog. Nov\u00e9.<\/p>\n<p><strong>Odoln\u00e9 v\u016f\u010di dne\u0161n\u00edmu bnez\u00ednu a vysok\u00fdm teplot\u00e1m.<\/strong><\/p>\n","protected":false},"excerpt":{"rendered":"<p>Analog. Nov\u00e9. Odoln\u00e9 v\u016f\u010di dne\u0161n\u00edmu bnez\u00ednu a vysok\u00fdm teplot\u00e1m.<\/p>\n","protected":false},"featured_media":4342,"template":"","meta":[],"product_brand":[],"product_cat":[48,47],"product_tag":[],"class_list":{"0":"post-4341","1":"product","2":"type-product","3":"status-publish","4":"has-post-thumbnail","6":"product_cat-gumove_casti_tesneni_silentbloky","7":"product_cat-system_paliva","9":"first","10":"instock","11":"shipping-taxable","12":"purchasable","13":"product-type-simple"},"_links":{"self":[{"href":"https:\/\/nd.gaz69.cz\/en\/wp-json\/wp\/v2\/product\/4341","targetHints":{"allow":["GET"]}}],"collection":[{"href":"https:\/\/nd.gaz69.cz\/en\/wp-json\/wp\/v2\/product"}],"about":[{"href":"https:\/\/nd.gaz69.cz\/en\/wp-json\/wp\/v2\/types\/product"}],"wp:featuredmedia":[{"embeddable":true,"href":"https:\/\/nd.gaz69.cz\/en\/wp-json\/wp\/v2\/media\/4342"}],"wp:attachment":[{"href":"https:\/\/nd.gaz69.cz\/en\/wp-json\/wp\/v2\/media?parent=4341"}],"wp:term":[{"taxonomy":"product_brand","embeddable":true,"href":"https:\/\/nd.gaz69.cz\/en\/wp-json\/wp\/v2\/product_brand?post=4341"},{"taxonomy":"product_cat","embeddable":true,"href":"https:\/\/nd.gaz69.cz\/en\/wp-json\/wp\/v2\/product_cat?post=4341"},{"taxonomy":"product_tag","embeddable":true,"href":"https:\/\/nd.gaz69.cz\/en\/wp-json\/wp\/v2\/product_tag?post=4341"}],"curies":[{"name":"wp","href":"https:\/\/api.w.org\/{rel}","templated":true}]}}