{"id":4324,"date":"2025-09-30T09:55:59","date_gmt":"2025-09-30T07:55:59","guid":{"rendered":"https:\/\/nd.gaz69.cz\/?post_type=product&#038;p=4324"},"modified":"2026-03-24T11:36:38","modified_gmt":"2026-03-24T10:36:38","slug":"autoindikator-12v-zkousec-napeti-original","status":"publish","type":"product","link":"https:\/\/nd.gaz69.cz\/en\/produkt\/autoindikator-12v-zkousec-napeti-original\/","title":{"rendered":"Autoindik\u00e1tor &#8211; 12V &#8211; zkou\u0161e\u010d nap\u011bt\u00ed &#8211; ORIGIN\u00c1L !"},"content":{"rendered":"<p>Origin\u00e1l Nov\u00fd.<\/p>\n<p><strong>Cena je uvedena za 1 kus.<\/strong><\/p>\n","protected":false},"excerpt":{"rendered":"<p>Origin\u00e1l Nov\u00fd. Cena je uvedena za 1 kus.<\/p>\n","protected":false},"featured_media":4327,"template":"","meta":[],"product_brand":[],"product_cat":[31,33,54,55,56,57],"product_tag":[],"class_list":{"0":"post-4324","1":"product","2":"type-product","3":"status-publish","4":"has-post-thumbnail","6":"product_cat-elektricke_casti","7":"product_cat-vybava_naradi_doplnky","8":"product_cat-uaz_469_uaz_452","9":"product_cat-volha_21","10":"product_cat-volha_24","11":"product_cat-aro_m461","13":"first","14":"instock","15":"shipping-taxable","16":"purchasable","17":"product-type-simple"},"_links":{"self":[{"href":"https:\/\/nd.gaz69.cz\/en\/wp-json\/wp\/v2\/product\/4324","targetHints":{"allow":["GET"]}}],"collection":[{"href":"https:\/\/nd.gaz69.cz\/en\/wp-json\/wp\/v2\/product"}],"about":[{"href":"https:\/\/nd.gaz69.cz\/en\/wp-json\/wp\/v2\/types\/product"}],"wp:featuredmedia":[{"embeddable":true,"href":"https:\/\/nd.gaz69.cz\/en\/wp-json\/wp\/v2\/media\/4327"}],"wp:attachment":[{"href":"https:\/\/nd.gaz69.cz\/en\/wp-json\/wp\/v2\/media?parent=4324"}],"wp:term":[{"taxonomy":"product_brand","embeddable":true,"href":"https:\/\/nd.gaz69.cz\/en\/wp-json\/wp\/v2\/product_brand?post=4324"},{"taxonomy":"product_cat","embeddable":true,"href":"https:\/\/nd.gaz69.cz\/en\/wp-json\/wp\/v2\/product_cat?post=4324"},{"taxonomy":"product_tag","embeddable":true,"href":"https:\/\/nd.gaz69.cz\/en\/wp-json\/wp\/v2\/product_tag?post=4324"}],"curies":[{"name":"wp","href":"https:\/\/api.w.org\/{rel}","templated":true}]}}