{"id":4307,"date":"2025-09-26T09:29:56","date_gmt":"2025-09-26T07:29:56","guid":{"rendered":"https:\/\/nd.gaz69.cz\/?post_type=product&#038;p=4307"},"modified":"2026-01-24T14:42:40","modified_gmt":"2026-01-24T13:42:40","slug":"katalog-gaz-69-gaz-69-a-v-ceskem-jazyce","status":"publish","type":"product","link":"https:\/\/nd.gaz69.cz\/en\/produkt\/katalog-gaz-69-gaz-69-a-v-ceskem-jazyce\/","title":{"rendered":"Katalog Gaz 69 &#8211; Gaz 69 A &#8211; v \u010desk\u00e9m jazyce &#8211; ORIGIN\u00c1L ! &#8211; DO\u010cASN\u011a VYPROD\u00c1NO &#8230;"},"content":{"rendered":"<p>Origin\u00e1l. U\u017e\u00edvan\u00fd.<\/p>\n<p>&nbsp;<\/p>\n","protected":false},"excerpt":{"rendered":"<p>Origin\u00e1l. U\u017e\u00edvan\u00fd. &nbsp;<\/p>\n","protected":false},"featured_media":4308,"template":"","meta":[],"product_brand":[],"product_cat":[58],"product_tag":[],"class_list":{"0":"post-4307","1":"product","2":"type-product","3":"status-publish","4":"has-post-thumbnail","6":"product_cat-katalogy_a_knihy_vozidel","8":"first","9":"instock","10":"shipping-taxable","11":"purchasable","12":"product-type-simple"},"_links":{"self":[{"href":"https:\/\/nd.gaz69.cz\/en\/wp-json\/wp\/v2\/product\/4307","targetHints":{"allow":["GET"]}}],"collection":[{"href":"https:\/\/nd.gaz69.cz\/en\/wp-json\/wp\/v2\/product"}],"about":[{"href":"https:\/\/nd.gaz69.cz\/en\/wp-json\/wp\/v2\/types\/product"}],"wp:featuredmedia":[{"embeddable":true,"href":"https:\/\/nd.gaz69.cz\/en\/wp-json\/wp\/v2\/media\/4308"}],"wp:attachment":[{"href":"https:\/\/nd.gaz69.cz\/en\/wp-json\/wp\/v2\/media?parent=4307"}],"wp:term":[{"taxonomy":"product_brand","embeddable":true,"href":"https:\/\/nd.gaz69.cz\/en\/wp-json\/wp\/v2\/product_brand?post=4307"},{"taxonomy":"product_cat","embeddable":true,"href":"https:\/\/nd.gaz69.cz\/en\/wp-json\/wp\/v2\/product_cat?post=4307"},{"taxonomy":"product_tag","embeddable":true,"href":"https:\/\/nd.gaz69.cz\/en\/wp-json\/wp\/v2\/product_tag?post=4307"}],"curies":[{"name":"wp","href":"https:\/\/api.w.org\/{rel}","templated":true}]}}