{"id":4295,"date":"2025-09-26T09:08:55","date_gmt":"2025-09-26T07:08:55","guid":{"rendered":"https:\/\/nd.gaz69.cz\/?post_type=product&#038;p=4295"},"modified":"2025-09-26T09:35:36","modified_gmt":"2025-09-26T07:35:36","slug":"prepinac-intezity-svetla-reostat-%d0%bf-29-%d0%b0-original","status":"publish","type":"product","link":"https:\/\/nd.gaz69.cz\/en\/produkt\/prepinac-intezity-svetla-reostat-%d0%bf-29-%d0%b0-original\/","title":{"rendered":"P\u0159ep\u00edna\u010d intenzity sv\u011btla &#8211; reostat &#8211; \u041f 29 \u0410 ORIGIN\u00c1L !"},"content":{"rendered":"<p>Oirigin\u00e1l. Nov\u00fd.<\/p>\n","protected":false},"excerpt":{"rendered":"<p>Oirigin\u00e1l. Nov\u00fd.<\/p>\n","protected":false},"featured_media":4297,"template":"","meta":[],"product_brand":[],"product_cat":[31,33,54],"product_tag":[],"class_list":{"0":"post-4295","1":"product","2":"type-product","3":"status-publish","4":"has-post-thumbnail","6":"product_cat-elektricke_casti","7":"product_cat-vybava_naradi_doplnky","8":"product_cat-uaz_469_uaz_452","10":"first","11":"instock","12":"shipping-taxable","13":"purchasable","14":"product-type-simple"},"_links":{"self":[{"href":"https:\/\/nd.gaz69.cz\/en\/wp-json\/wp\/v2\/product\/4295","targetHints":{"allow":["GET"]}}],"collection":[{"href":"https:\/\/nd.gaz69.cz\/en\/wp-json\/wp\/v2\/product"}],"about":[{"href":"https:\/\/nd.gaz69.cz\/en\/wp-json\/wp\/v2\/types\/product"}],"wp:featuredmedia":[{"embeddable":true,"href":"https:\/\/nd.gaz69.cz\/en\/wp-json\/wp\/v2\/media\/4297"}],"wp:attachment":[{"href":"https:\/\/nd.gaz69.cz\/en\/wp-json\/wp\/v2\/media?parent=4295"}],"wp:term":[{"taxonomy":"product_brand","embeddable":true,"href":"https:\/\/nd.gaz69.cz\/en\/wp-json\/wp\/v2\/product_brand?post=4295"},{"taxonomy":"product_cat","embeddable":true,"href":"https:\/\/nd.gaz69.cz\/en\/wp-json\/wp\/v2\/product_cat?post=4295"},{"taxonomy":"product_tag","embeddable":true,"href":"https:\/\/nd.gaz69.cz\/en\/wp-json\/wp\/v2\/product_tag?post=4295"}],"curies":[{"name":"wp","href":"https:\/\/api.w.org\/{rel}","templated":true}]}}