{"id":4265,"date":"2025-09-19T09:14:23","date_gmt":"2025-09-19T07:14:23","guid":{"rendered":"https:\/\/nd.gaz69.cz\/?post_type=product&#038;p=4265"},"modified":"2026-01-15T07:25:27","modified_gmt":"2026-01-15T06:25:27","slug":"zadni-lampy-volha-21-3-serie-original","status":"publish","type":"product","link":"https:\/\/nd.gaz69.cz\/en\/produkt\/zadni-lampy-volha-21-3-serie-original\/","title":{"rendered":"Zadn\u00ed lampy &#8211; Volha 21 &#8211; 3. s\u00e9rie &#8211; ORIGIN\u00c1L ! &#8211; DO\u010cASN\u011a VYPROD\u00c1NO &#8230;"},"content":{"rendered":"<p>Origin\u00e1l. Nov\u00e9.<\/p>\n<p><strong>Cena je uvedena za 1 p\u00e1r v\u010detn\u011b t\u011bsn\u011bn\u00ed pod lampy.<\/strong><\/p>\n","protected":false},"excerpt":{"rendered":"<p>Origin\u00e1l. Nov\u00e9. Cena je uvedena za 1 p\u00e1r v\u010detn\u011b t\u011bsn\u011bn\u00ed pod lampy.<\/p>\n","protected":false},"featured_media":4266,"template":"","meta":[],"product_brand":[],"product_cat":[55],"product_tag":[],"class_list":{"0":"post-4265","1":"product","2":"type-product","3":"status-publish","4":"has-post-thumbnail","6":"product_cat-volha_21","8":"first","9":"instock","10":"shipping-taxable","11":"purchasable","12":"product-type-simple"},"_links":{"self":[{"href":"https:\/\/nd.gaz69.cz\/en\/wp-json\/wp\/v2\/product\/4265","targetHints":{"allow":["GET"]}}],"collection":[{"href":"https:\/\/nd.gaz69.cz\/en\/wp-json\/wp\/v2\/product"}],"about":[{"href":"https:\/\/nd.gaz69.cz\/en\/wp-json\/wp\/v2\/types\/product"}],"wp:featuredmedia":[{"embeddable":true,"href":"https:\/\/nd.gaz69.cz\/en\/wp-json\/wp\/v2\/media\/4266"}],"wp:attachment":[{"href":"https:\/\/nd.gaz69.cz\/en\/wp-json\/wp\/v2\/media?parent=4265"}],"wp:term":[{"taxonomy":"product_brand","embeddable":true,"href":"https:\/\/nd.gaz69.cz\/en\/wp-json\/wp\/v2\/product_brand?post=4265"},{"taxonomy":"product_cat","embeddable":true,"href":"https:\/\/nd.gaz69.cz\/en\/wp-json\/wp\/v2\/product_cat?post=4265"},{"taxonomy":"product_tag","embeddable":true,"href":"https:\/\/nd.gaz69.cz\/en\/wp-json\/wp\/v2\/product_tag?post=4265"}],"curies":[{"name":"wp","href":"https:\/\/api.w.org\/{rel}","templated":true}]}}