{"id":4254,"date":"2025-09-16T13:38:11","date_gmt":"2025-09-16T11:38:11","guid":{"rendered":"https:\/\/nd.gaz69.cz\/?post_type=product&#038;p=4254"},"modified":"2025-09-16T13:38:14","modified_gmt":"2025-09-16T11:38:14","slug":"oblozeni-brzdove-celisti-rucni-brzdy-original","status":"publish","type":"product","link":"https:\/\/nd.gaz69.cz\/en\/produkt\/oblozeni-brzdove-celisti-rucni-brzdy-original\/","title":{"rendered":"Oblo\u017een\u00ed brzdov\u00e9 \u010delisti ru\u010dn\u00ed brzdy &#8211; ORIGIN\u00c1L !"},"content":{"rendered":"<p>Origin\u00e1l. Nov\u00e9.<\/p>\n","protected":false},"excerpt":{"rendered":"<p>Origin\u00e1l. Nov\u00e9.<\/p>\n","protected":false},"featured_media":4255,"template":"","meta":[],"product_brand":[],"product_cat":[29,54,55],"product_tag":[],"class_list":{"0":"post-4254","1":"product","2":"type-product","3":"status-publish","4":"has-post-thumbnail","6":"product_cat-brzdovy_system","7":"product_cat-uaz_469_uaz_452","8":"product_cat-volha_21","10":"first","11":"instock","12":"shipping-taxable","13":"purchasable","14":"product-type-simple"},"_links":{"self":[{"href":"https:\/\/nd.gaz69.cz\/en\/wp-json\/wp\/v2\/product\/4254","targetHints":{"allow":["GET"]}}],"collection":[{"href":"https:\/\/nd.gaz69.cz\/en\/wp-json\/wp\/v2\/product"}],"about":[{"href":"https:\/\/nd.gaz69.cz\/en\/wp-json\/wp\/v2\/types\/product"}],"wp:featuredmedia":[{"embeddable":true,"href":"https:\/\/nd.gaz69.cz\/en\/wp-json\/wp\/v2\/media\/4255"}],"wp:attachment":[{"href":"https:\/\/nd.gaz69.cz\/en\/wp-json\/wp\/v2\/media?parent=4254"}],"wp:term":[{"taxonomy":"product_brand","embeddable":true,"href":"https:\/\/nd.gaz69.cz\/en\/wp-json\/wp\/v2\/product_brand?post=4254"},{"taxonomy":"product_cat","embeddable":true,"href":"https:\/\/nd.gaz69.cz\/en\/wp-json\/wp\/v2\/product_cat?post=4254"},{"taxonomy":"product_tag","embeddable":true,"href":"https:\/\/nd.gaz69.cz\/en\/wp-json\/wp\/v2\/product_tag?post=4254"}],"curies":[{"name":"wp","href":"https:\/\/api.w.org\/{rel}","templated":true}]}}