{"id":4200,"date":"2025-09-07T11:57:55","date_gmt":"2025-09-07T09:57:55","guid":{"rendered":"https:\/\/nd.gaz69.cz\/?post_type=product&#038;p=4200"},"modified":"2025-09-07T11:57:56","modified_gmt":"2025-09-07T09:57:56","slug":"hledaci-svetlomet-original-rarita-50-leta","status":"publish","type":"product","link":"https:\/\/nd.gaz69.cz\/en\/produkt\/hledaci-svetlomet-original-rarita-50-leta\/","title":{"rendered":"Hledac\u00ed sv\u011btlomet &#8211; ORIGIN\u00c1L ! &#8211; RARITA &#8211; 50. L\u00c9TA &#8230;"},"content":{"rendered":"<p>Origin\u00e1l. U\u017e\u00edvan\u00fd. Ur\u010deno k renovaci.<\/p>\n","protected":false},"excerpt":{"rendered":"<p>Origin\u00e1l. U\u017e\u00edvan\u00fd. Ur\u010deno k renovaci.<\/p>\n","protected":false},"featured_media":4204,"template":"","meta":[],"product_brand":[],"product_cat":[31],"product_tag":[],"class_list":{"0":"post-4200","1":"product","2":"type-product","3":"status-publish","4":"has-post-thumbnail","6":"product_cat-elektricke_casti","8":"first","9":"instock","10":"shipping-taxable","11":"purchasable","12":"product-type-simple"},"_links":{"self":[{"href":"https:\/\/nd.gaz69.cz\/en\/wp-json\/wp\/v2\/product\/4200","targetHints":{"allow":["GET"]}}],"collection":[{"href":"https:\/\/nd.gaz69.cz\/en\/wp-json\/wp\/v2\/product"}],"about":[{"href":"https:\/\/nd.gaz69.cz\/en\/wp-json\/wp\/v2\/types\/product"}],"wp:featuredmedia":[{"embeddable":true,"href":"https:\/\/nd.gaz69.cz\/en\/wp-json\/wp\/v2\/media\/4204"}],"wp:attachment":[{"href":"https:\/\/nd.gaz69.cz\/en\/wp-json\/wp\/v2\/media?parent=4200"}],"wp:term":[{"taxonomy":"product_brand","embeddable":true,"href":"https:\/\/nd.gaz69.cz\/en\/wp-json\/wp\/v2\/product_brand?post=4200"},{"taxonomy":"product_cat","embeddable":true,"href":"https:\/\/nd.gaz69.cz\/en\/wp-json\/wp\/v2\/product_cat?post=4200"},{"taxonomy":"product_tag","embeddable":true,"href":"https:\/\/nd.gaz69.cz\/en\/wp-json\/wp\/v2\/product_tag?post=4200"}],"curies":[{"name":"wp","href":"https:\/\/api.w.org\/{rel}","templated":true}]}}