{"id":4148,"date":"2025-09-02T15:14:20","date_gmt":"2025-09-02T13:14:20","guid":{"rendered":"https:\/\/nd.gaz69.cz\/?post_type=product&#038;p=4148"},"modified":"2025-09-02T15:14:21","modified_gmt":"2025-09-02T13:14:21","slug":"zakladna-ozdoby-kapoty-lodicka-gaz-volha-21","status":"publish","type":"product","link":"https:\/\/nd.gaz69.cz\/en\/produkt\/zakladna-ozdoby-kapoty-lodicka-gaz-volha-21\/","title":{"rendered":"Z\u00e1kladna ozdoby kapoty &#8211; ( lo\u010fi\u010dka ) &#8211; GAZ Volha 21"},"content":{"rendered":"<p>Analog. Nov\u00e1.<\/p>\n","protected":false},"excerpt":{"rendered":"<p>Analog. Nov\u00e1.<\/p>\n","protected":false},"featured_media":4149,"template":"","meta":[],"product_brand":[],"product_cat":[55],"product_tag":[],"class_list":{"0":"post-4148","1":"product","2":"type-product","3":"status-publish","4":"has-post-thumbnail","6":"product_cat-volha_21","8":"first","9":"instock","10":"shipping-taxable","11":"purchasable","12":"product-type-simple"},"_links":{"self":[{"href":"https:\/\/nd.gaz69.cz\/en\/wp-json\/wp\/v2\/product\/4148","targetHints":{"allow":["GET"]}}],"collection":[{"href":"https:\/\/nd.gaz69.cz\/en\/wp-json\/wp\/v2\/product"}],"about":[{"href":"https:\/\/nd.gaz69.cz\/en\/wp-json\/wp\/v2\/types\/product"}],"wp:featuredmedia":[{"embeddable":true,"href":"https:\/\/nd.gaz69.cz\/en\/wp-json\/wp\/v2\/media\/4149"}],"wp:attachment":[{"href":"https:\/\/nd.gaz69.cz\/en\/wp-json\/wp\/v2\/media?parent=4148"}],"wp:term":[{"taxonomy":"product_brand","embeddable":true,"href":"https:\/\/nd.gaz69.cz\/en\/wp-json\/wp\/v2\/product_brand?post=4148"},{"taxonomy":"product_cat","embeddable":true,"href":"https:\/\/nd.gaz69.cz\/en\/wp-json\/wp\/v2\/product_cat?post=4148"},{"taxonomy":"product_tag","embeddable":true,"href":"https:\/\/nd.gaz69.cz\/en\/wp-json\/wp\/v2\/product_tag?post=4148"}],"curies":[{"name":"wp","href":"https:\/\/api.w.org\/{rel}","templated":true}]}}