{"id":4124,"date":"2025-08-31T12:19:25","date_gmt":"2025-08-31T10:19:25","guid":{"rendered":"https:\/\/nd.gaz69.cz\/?post_type=product&#038;p=4124"},"modified":"2025-11-04T13:48:42","modified_gmt":"2025-11-04T12:48:42","slug":"uaz-31512-3741-3962-2206-3303-kniha-original","status":"publish","type":"product","link":"https:\/\/nd.gaz69.cz\/en\/produkt\/uaz-31512-3741-3962-2206-3303-kniha-original\/","title":{"rendered":"UAZ 31512, 3741, 3962, 2206, 3303 &#8211; kniha &#8211; ORIGIN\u00c1L ! &#8211; VYPROD\u00c1NO &#8230;."},"content":{"rendered":"<p>Origin\u00e1l.<\/p>\n<p>Pou\u017eit\u00e1. Stav nov\u00e9 knihy.<\/p>\n<p><strong>VYPROD\u00c1NO &#8230;.<\/strong><\/p>\n","protected":false},"excerpt":{"rendered":"<p>Origin\u00e1l. Pou\u017eit\u00e1. Stav nov\u00e9 knihy. VYPROD\u00c1NO &#8230;.<\/p>\n","protected":false},"featured_media":4125,"template":"","meta":[],"product_brand":[],"product_cat":[58],"product_tag":[],"class_list":{"0":"post-4124","1":"product","2":"type-product","3":"status-publish","4":"has-post-thumbnail","6":"product_cat-katalogy_a_knihy_vozidel","8":"first","9":"instock","10":"shipping-taxable","11":"purchasable","12":"product-type-simple"},"_links":{"self":[{"href":"https:\/\/nd.gaz69.cz\/en\/wp-json\/wp\/v2\/product\/4124","targetHints":{"allow":["GET"]}}],"collection":[{"href":"https:\/\/nd.gaz69.cz\/en\/wp-json\/wp\/v2\/product"}],"about":[{"href":"https:\/\/nd.gaz69.cz\/en\/wp-json\/wp\/v2\/types\/product"}],"wp:featuredmedia":[{"embeddable":true,"href":"https:\/\/nd.gaz69.cz\/en\/wp-json\/wp\/v2\/media\/4125"}],"wp:attachment":[{"href":"https:\/\/nd.gaz69.cz\/en\/wp-json\/wp\/v2\/media?parent=4124"}],"wp:term":[{"taxonomy":"product_brand","embeddable":true,"href":"https:\/\/nd.gaz69.cz\/en\/wp-json\/wp\/v2\/product_brand?post=4124"},{"taxonomy":"product_cat","embeddable":true,"href":"https:\/\/nd.gaz69.cz\/en\/wp-json\/wp\/v2\/product_cat?post=4124"},{"taxonomy":"product_tag","embeddable":true,"href":"https:\/\/nd.gaz69.cz\/en\/wp-json\/wp\/v2\/product_tag?post=4124"}],"curies":[{"name":"wp","href":"https:\/\/api.w.org\/{rel}","templated":true}]}}