{"id":4115,"date":"2025-08-31T12:16:02","date_gmt":"2025-08-31T10:16:02","guid":{"rendered":"https:\/\/nd.gaz69.cz\/?post_type=product&#038;p=4115"},"modified":"2025-08-31T12:20:08","modified_gmt":"2025-08-31T10:20:08","slug":"volga-gaz-24-katalog","status":"publish","type":"product","link":"https:\/\/nd.gaz69.cz\/en\/produkt\/volga-gaz-24-katalog\/","title":{"rendered":"VOLGA GAZ 24 &#8211; katalog &#8211; ORIGIN\u00c1L !"},"content":{"rendered":"<p>Origin\u00e1l.<\/p>\n<p>Pou\u017eit\u00fd. Stav nov\u00e9 knihy.<\/p>\n","protected":false},"excerpt":{"rendered":"<p>Origin\u00e1l. Pou\u017eit\u00fd. Stav nov\u00e9 knihy.<\/p>\n","protected":false},"featured_media":4116,"template":"","meta":[],"product_brand":[],"product_cat":[58],"product_tag":[],"class_list":{"0":"post-4115","1":"product","2":"type-product","3":"status-publish","4":"has-post-thumbnail","6":"product_cat-katalogy_a_knihy_vozidel","8":"first","9":"instock","10":"shipping-taxable","11":"purchasable","12":"product-type-simple"},"_links":{"self":[{"href":"https:\/\/nd.gaz69.cz\/en\/wp-json\/wp\/v2\/product\/4115","targetHints":{"allow":["GET"]}}],"collection":[{"href":"https:\/\/nd.gaz69.cz\/en\/wp-json\/wp\/v2\/product"}],"about":[{"href":"https:\/\/nd.gaz69.cz\/en\/wp-json\/wp\/v2\/types\/product"}],"wp:featuredmedia":[{"embeddable":true,"href":"https:\/\/nd.gaz69.cz\/en\/wp-json\/wp\/v2\/media\/4116"}],"wp:attachment":[{"href":"https:\/\/nd.gaz69.cz\/en\/wp-json\/wp\/v2\/media?parent=4115"}],"wp:term":[{"taxonomy":"product_brand","embeddable":true,"href":"https:\/\/nd.gaz69.cz\/en\/wp-json\/wp\/v2\/product_brand?post=4115"},{"taxonomy":"product_cat","embeddable":true,"href":"https:\/\/nd.gaz69.cz\/en\/wp-json\/wp\/v2\/product_cat?post=4115"},{"taxonomy":"product_tag","embeddable":true,"href":"https:\/\/nd.gaz69.cz\/en\/wp-json\/wp\/v2\/product_tag?post=4115"}],"curies":[{"name":"wp","href":"https:\/\/api.w.org\/{rel}","templated":true}]}}