{"id":4055,"date":"2025-08-26T17:03:59","date_gmt":"2025-08-26T15:03:59","guid":{"rendered":"https:\/\/nd.gaz69.cz\/?post_type=product&#038;p=4055"},"modified":"2025-08-26T17:03:59","modified_gmt":"2025-08-26T15:03:59","slug":"brzdova-hadice-zadni-aro-m461","status":"publish","type":"product","link":"https:\/\/nd.gaz69.cz\/en\/produkt\/brzdova-hadice-zadni-aro-m461\/","title":{"rendered":"Brzdov\u00e1 hadice &#8211; zadn\u00ed &#8211; ARO M461"},"content":{"rendered":"<p>Analog. Nov\u00e1.<\/p>\n<p>D\u00e9lka 475mm.<\/p>\n<p>Koncovka \u010d1: vn\u011bj\u0161\u00ed z\u00e1vit M12x1.25<\/p>\n<p>Koncovka \u010d2: vnit\u0159n\u00ed z\u00e1vit M12x1 + vn\u011bj\u0161\u00ed z\u00e1vit M16x1.5<\/p>\n","protected":false},"excerpt":{"rendered":"<p>Analog. Nov\u00e1. D\u00e9lka 475mm. Koncovka \u010d1: vn\u011bj\u0161\u00ed z\u00e1vit M12x1.25 Koncovka \u010d2: vnit\u0159n\u00ed z\u00e1vit M12x1 + vn\u011bj\u0161\u00ed z\u00e1vit M16x1.5<\/p>\n","protected":false},"featured_media":4056,"template":"","meta":[],"product_brand":[],"product_cat":[57],"product_tag":[],"class_list":{"0":"post-4055","1":"product","2":"type-product","3":"status-publish","4":"has-post-thumbnail","6":"product_cat-aro_m461","8":"first","9":"instock","10":"shipping-taxable","11":"purchasable","12":"product-type-simple"},"_links":{"self":[{"href":"https:\/\/nd.gaz69.cz\/en\/wp-json\/wp\/v2\/product\/4055","targetHints":{"allow":["GET"]}}],"collection":[{"href":"https:\/\/nd.gaz69.cz\/en\/wp-json\/wp\/v2\/product"}],"about":[{"href":"https:\/\/nd.gaz69.cz\/en\/wp-json\/wp\/v2\/types\/product"}],"wp:featuredmedia":[{"embeddable":true,"href":"https:\/\/nd.gaz69.cz\/en\/wp-json\/wp\/v2\/media\/4056"}],"wp:attachment":[{"href":"https:\/\/nd.gaz69.cz\/en\/wp-json\/wp\/v2\/media?parent=4055"}],"wp:term":[{"taxonomy":"product_brand","embeddable":true,"href":"https:\/\/nd.gaz69.cz\/en\/wp-json\/wp\/v2\/product_brand?post=4055"},{"taxonomy":"product_cat","embeddable":true,"href":"https:\/\/nd.gaz69.cz\/en\/wp-json\/wp\/v2\/product_cat?post=4055"},{"taxonomy":"product_tag","embeddable":true,"href":"https:\/\/nd.gaz69.cz\/en\/wp-json\/wp\/v2\/product_tag?post=4055"}],"curies":[{"name":"wp","href":"https:\/\/api.w.org\/{rel}","templated":true}]}}