{"id":4053,"date":"2025-08-26T17:02:33","date_gmt":"2025-08-26T15:02:33","guid":{"rendered":"https:\/\/nd.gaz69.cz\/?post_type=product&#038;p=4053"},"modified":"2025-08-26T17:02:34","modified_gmt":"2025-08-26T15:02:34","slug":"brzdova-hadice-prava-aro-m461","status":"publish","type":"product","link":"https:\/\/nd.gaz69.cz\/en\/produkt\/brzdova-hadice-prava-aro-m461\/","title":{"rendered":"Brzdov\u00e1 hadice &#8211; prav\u00e1 &#8211; ARO M461"},"content":{"rendered":"<p>Analog. Nov\u00e1.<\/p>\n<p>D\u00e9lka 565mm.<\/p>\n<p>Koncovka \u010d1: vn\u011bj\u0161\u00ed z\u00e1vit M12x1.25<\/p>\n<p>Koncovka \u010d2: vnit\u0159n\u00ed z\u00e1vit M12x1 + vn\u011bj\u0161\u00ed z\u00e1vit M16x1.5<\/p>\n","protected":false},"excerpt":{"rendered":"<p>Analog. Nov\u00e1. D\u00e9lka 565mm. Koncovka \u010d1: vn\u011bj\u0161\u00ed z\u00e1vit M12x1.25 Koncovka \u010d2: vnit\u0159n\u00ed z\u00e1vit M12x1 + vn\u011bj\u0161\u00ed z\u00e1vit M16x1.5<\/p>\n","protected":false},"featured_media":4054,"template":"","meta":[],"product_brand":[],"product_cat":[57],"product_tag":[],"class_list":{"0":"post-4053","1":"product","2":"type-product","3":"status-publish","4":"has-post-thumbnail","6":"product_cat-aro_m461","8":"first","9":"instock","10":"shipping-taxable","11":"purchasable","12":"product-type-simple"},"_links":{"self":[{"href":"https:\/\/nd.gaz69.cz\/en\/wp-json\/wp\/v2\/product\/4053","targetHints":{"allow":["GET"]}}],"collection":[{"href":"https:\/\/nd.gaz69.cz\/en\/wp-json\/wp\/v2\/product"}],"about":[{"href":"https:\/\/nd.gaz69.cz\/en\/wp-json\/wp\/v2\/types\/product"}],"wp:featuredmedia":[{"embeddable":true,"href":"https:\/\/nd.gaz69.cz\/en\/wp-json\/wp\/v2\/media\/4054"}],"wp:attachment":[{"href":"https:\/\/nd.gaz69.cz\/en\/wp-json\/wp\/v2\/media?parent=4053"}],"wp:term":[{"taxonomy":"product_brand","embeddable":true,"href":"https:\/\/nd.gaz69.cz\/en\/wp-json\/wp\/v2\/product_brand?post=4053"},{"taxonomy":"product_cat","embeddable":true,"href":"https:\/\/nd.gaz69.cz\/en\/wp-json\/wp\/v2\/product_cat?post=4053"},{"taxonomy":"product_tag","embeddable":true,"href":"https:\/\/nd.gaz69.cz\/en\/wp-json\/wp\/v2\/product_tag?post=4053"}],"curies":[{"name":"wp","href":"https:\/\/api.w.org\/{rel}","templated":true}]}}