{"id":4049,"date":"2025-08-26T16:58:36","date_gmt":"2025-08-26T14:58:36","guid":{"rendered":"https:\/\/nd.gaz69.cz\/?post_type=product&#038;p=4049"},"modified":"2025-08-26T16:58:50","modified_gmt":"2025-08-26T14:58:50","slug":"predni-brzdova-hadice-leva","status":"publish","type":"product","link":"https:\/\/nd.gaz69.cz\/en\/produkt\/predni-brzdova-hadice-leva\/","title":{"rendered":"P\u0159edn\u00ed brzdov\u00e1 hadice &#8211; lev\u00e1 &#8211; ARO M461"},"content":{"rendered":"<p>Analog. Nov\u00e1.<\/p>\n<p>Lev\u00e1 p\u0159edn\u00ed brzdov\u00e1 hadice d\u00e9lka 565 mm .<\/p>\n<p>Koncovka \u010d1 a \u010d2 : vn\u011bj\u0161\u00ed z\u00e1vit M12x1.25.<\/p>\n","protected":false},"excerpt":{"rendered":"<p>Analog. Nov\u00e1. Lev\u00e1 p\u0159edn\u00ed brzdov\u00e1 hadice d\u00e9lka 565 mm . Koncovka \u010d1 a \u010d2 : vn\u011bj\u0161\u00ed z\u00e1vit M12x1.25.<\/p>\n","protected":false},"featured_media":4052,"template":"","meta":[],"product_brand":[],"product_cat":[57],"product_tag":[],"class_list":{"0":"post-4049","1":"product","2":"type-product","3":"status-publish","4":"has-post-thumbnail","6":"product_cat-aro_m461","8":"first","9":"instock","10":"shipping-taxable","11":"purchasable","12":"product-type-simple"},"_links":{"self":[{"href":"https:\/\/nd.gaz69.cz\/en\/wp-json\/wp\/v2\/product\/4049","targetHints":{"allow":["GET"]}}],"collection":[{"href":"https:\/\/nd.gaz69.cz\/en\/wp-json\/wp\/v2\/product"}],"about":[{"href":"https:\/\/nd.gaz69.cz\/en\/wp-json\/wp\/v2\/types\/product"}],"wp:featuredmedia":[{"embeddable":true,"href":"https:\/\/nd.gaz69.cz\/en\/wp-json\/wp\/v2\/media\/4052"}],"wp:attachment":[{"href":"https:\/\/nd.gaz69.cz\/en\/wp-json\/wp\/v2\/media?parent=4049"}],"wp:term":[{"taxonomy":"product_brand","embeddable":true,"href":"https:\/\/nd.gaz69.cz\/en\/wp-json\/wp\/v2\/product_brand?post=4049"},{"taxonomy":"product_cat","embeddable":true,"href":"https:\/\/nd.gaz69.cz\/en\/wp-json\/wp\/v2\/product_cat?post=4049"},{"taxonomy":"product_tag","embeddable":true,"href":"https:\/\/nd.gaz69.cz\/en\/wp-json\/wp\/v2\/product_tag?post=4049"}],"curies":[{"name":"wp","href":"https:\/\/api.w.org\/{rel}","templated":true}]}}