{"id":404,"date":"2024-04-03T16:51:58","date_gmt":"2024-04-03T14:51:58","guid":{"rendered":"https:\/\/nd.gaz69.cz\/?post_type=product&#038;p=404"},"modified":"2024-05-29T15:42:49","modified_gmt":"2024-05-29T13:42:49","slug":"drzak-pro-zasuvku-privesu","status":"publish","type":"product","link":"https:\/\/nd.gaz69.cz\/en\/produkt\/drzak-pro-zasuvku-privesu\/","title":{"rendered":"Dr\u017e\u00e1k pro z\u00e1suvku p\u0159\u00edv\u011bsu"},"content":{"rendered":"<p>Analog. Nov\u00fd.<\/p>\n<p>Sou\u010d\u00e1st\u00ed je pr\u016fchodka p\u0159\u00edvodn\u00edho kabelu.<\/p>\n<p>Z\u00e1suvka na fotografii nen\u00ed sou\u010d\u00e1st\u00ed.<\/p>\n<p>Z\u00e1suvku lze koupit zvl\u00e1\u0161\u0165 ( kategorie ,,Elektro. &#8220; )<\/p>\n","protected":false},"excerpt":{"rendered":"<p>Analog. Nov\u00fd. Sou\u010d\u00e1st\u00ed je pr\u016fchodka p\u0159\u00edvodn\u00edho kabelu. Z\u00e1suvka na fotografii nen\u00ed sou\u010d\u00e1st\u00ed. Z\u00e1suvku lze koupit zvl\u00e1\u0161\u0165 ( kategorie ,,Elektro. &#8220; )<\/p>\n","protected":false},"featured_media":405,"template":"","meta":[],"product_brand":[],"product_cat":[27],"product_tag":[],"class_list":{"0":"post-404","1":"product","2":"type-product","3":"status-publish","4":"has-post-thumbnail","6":"product_cat-karoserie","8":"first","9":"instock","10":"shipping-taxable","11":"purchasable","12":"product-type-simple"},"_links":{"self":[{"href":"https:\/\/nd.gaz69.cz\/en\/wp-json\/wp\/v2\/product\/404","targetHints":{"allow":["GET"]}}],"collection":[{"href":"https:\/\/nd.gaz69.cz\/en\/wp-json\/wp\/v2\/product"}],"about":[{"href":"https:\/\/nd.gaz69.cz\/en\/wp-json\/wp\/v2\/types\/product"}],"wp:featuredmedia":[{"embeddable":true,"href":"https:\/\/nd.gaz69.cz\/en\/wp-json\/wp\/v2\/media\/405"}],"wp:attachment":[{"href":"https:\/\/nd.gaz69.cz\/en\/wp-json\/wp\/v2\/media?parent=404"}],"wp:term":[{"taxonomy":"product_brand","embeddable":true,"href":"https:\/\/nd.gaz69.cz\/en\/wp-json\/wp\/v2\/product_brand?post=404"},{"taxonomy":"product_cat","embeddable":true,"href":"https:\/\/nd.gaz69.cz\/en\/wp-json\/wp\/v2\/product_cat?post=404"},{"taxonomy":"product_tag","embeddable":true,"href":"https:\/\/nd.gaz69.cz\/en\/wp-json\/wp\/v2\/product_tag?post=404"}],"curies":[{"name":"wp","href":"https:\/\/api.w.org\/{rel}","templated":true}]}}