{"id":398,"date":"2025-06-16T16:05:43","date_gmt":"2025-06-16T14:05:43","guid":{"rendered":"https:\/\/nd.gaz69.cz\/?post_type=product&#038;p=398"},"modified":"2026-03-08T09:09:15","modified_gmt":"2026-03-08T08:09:15","slug":"manzeta-tyce-rizeni","status":"publish","type":"product","link":"https:\/\/nd.gaz69.cz\/en\/produkt\/manzeta-tyce-rizeni\/","title":{"rendered":"Man\u017eeta ty\u010de \u0159\u00edzen\u00ed"},"content":{"rendered":"<p>Analog. Nov\u00e1.<\/p>\n","protected":false},"excerpt":{"rendered":"<p>Analog. Nov\u00e1.<\/p>\n","protected":false},"featured_media":399,"template":"","meta":[],"product_brand":[],"product_cat":[48],"product_tag":[],"class_list":{"0":"post-398","1":"product","2":"type-product","3":"status-publish","4":"has-post-thumbnail","6":"product_cat-gumove_casti_tesneni_silentbloky","8":"first","9":"instock","10":"shipping-taxable","11":"purchasable","12":"product-type-simple"},"_links":{"self":[{"href":"https:\/\/nd.gaz69.cz\/en\/wp-json\/wp\/v2\/product\/398","targetHints":{"allow":["GET"]}}],"collection":[{"href":"https:\/\/nd.gaz69.cz\/en\/wp-json\/wp\/v2\/product"}],"about":[{"href":"https:\/\/nd.gaz69.cz\/en\/wp-json\/wp\/v2\/types\/product"}],"wp:featuredmedia":[{"embeddable":true,"href":"https:\/\/nd.gaz69.cz\/en\/wp-json\/wp\/v2\/media\/399"}],"wp:attachment":[{"href":"https:\/\/nd.gaz69.cz\/en\/wp-json\/wp\/v2\/media?parent=398"}],"wp:term":[{"taxonomy":"product_brand","embeddable":true,"href":"https:\/\/nd.gaz69.cz\/en\/wp-json\/wp\/v2\/product_brand?post=398"},{"taxonomy":"product_cat","embeddable":true,"href":"https:\/\/nd.gaz69.cz\/en\/wp-json\/wp\/v2\/product_cat?post=398"},{"taxonomy":"product_tag","embeddable":true,"href":"https:\/\/nd.gaz69.cz\/en\/wp-json\/wp\/v2\/product_tag?post=398"}],"curies":[{"name":"wp","href":"https:\/\/api.w.org\/{rel}","templated":true}]}}