{"id":3979,"date":"2025-08-17T13:00:18","date_gmt":"2025-08-17T11:00:18","guid":{"rendered":"https:\/\/nd.gaz69.cz\/?post_type=product&#038;p=3979"},"modified":"2025-08-17T13:00:20","modified_gmt":"2025-08-17T11:00:20","slug":"kliky-dveri-predni-uaz-hunter","status":"publish","type":"product","link":"https:\/\/nd.gaz69.cz\/en\/produkt\/kliky-dveri-predni-uaz-hunter\/","title":{"rendered":"Kliky dve\u0159\u00ed &#8211; p\u0159edn\u00ed &#8211; UAZ HUNTER"},"content":{"rendered":"<p>Analog. Nov\u00e9.<\/p>\n<p><strong>Cena je uvedena za 2 kusy v\u010detn\u011b dvou kl\u00ed\u010d\u016f.<\/strong><\/p>\n","protected":false},"excerpt":{"rendered":"<p>Analog. Nov\u00e9. Cena je uvedena za 2 kusy v\u010detn\u011b dvou kl\u00ed\u010d\u016f.<\/p>\n","protected":false},"featured_media":3980,"template":"","meta":[],"product_brand":[],"product_cat":[54],"product_tag":[],"class_list":{"0":"post-3979","1":"product","2":"type-product","3":"status-publish","4":"has-post-thumbnail","6":"product_cat-uaz_469_uaz_452","8":"first","9":"instock","10":"shipping-taxable","11":"purchasable","12":"product-type-simple"},"_links":{"self":[{"href":"https:\/\/nd.gaz69.cz\/en\/wp-json\/wp\/v2\/product\/3979","targetHints":{"allow":["GET"]}}],"collection":[{"href":"https:\/\/nd.gaz69.cz\/en\/wp-json\/wp\/v2\/product"}],"about":[{"href":"https:\/\/nd.gaz69.cz\/en\/wp-json\/wp\/v2\/types\/product"}],"wp:featuredmedia":[{"embeddable":true,"href":"https:\/\/nd.gaz69.cz\/en\/wp-json\/wp\/v2\/media\/3980"}],"wp:attachment":[{"href":"https:\/\/nd.gaz69.cz\/en\/wp-json\/wp\/v2\/media?parent=3979"}],"wp:term":[{"taxonomy":"product_brand","embeddable":true,"href":"https:\/\/nd.gaz69.cz\/en\/wp-json\/wp\/v2\/product_brand?post=3979"},{"taxonomy":"product_cat","embeddable":true,"href":"https:\/\/nd.gaz69.cz\/en\/wp-json\/wp\/v2\/product_cat?post=3979"},{"taxonomy":"product_tag","embeddable":true,"href":"https:\/\/nd.gaz69.cz\/en\/wp-json\/wp\/v2\/product_tag?post=3979"}],"curies":[{"name":"wp","href":"https:\/\/api.w.org\/{rel}","templated":true}]}}