{"id":3965,"date":"2025-08-12T16:20:21","date_gmt":"2025-08-12T14:20:21","guid":{"rendered":"https:\/\/nd.gaz69.cz\/?post_type=product&#038;p=3965"},"modified":"2025-08-12T16:36:36","modified_gmt":"2025-08-12T14:36:36","slug":"tesnici-krouzek-uzaviraci-jehly-privodniho-ventilu-paliva-karburatoru-k124k129k131k126","status":"publish","type":"product","link":"https:\/\/nd.gaz69.cz\/en\/produkt\/tesnici-krouzek-uzaviraci-jehly-privodniho-ventilu-paliva-karburatoru-k124k129k131k126\/","title":{"rendered":"T\u011bsn\u00edc\u00ed krou\u017eek uzav\u00edrac\u00ed jehly p\u0159\u00edvodn\u00edho ventilu paliva karbur\u00e1toru &#8211; K124,K129,K131,K126"},"content":{"rendered":"<p>Analog. Nov\u00fd.<\/p>\n<p>Krou\u017eek je odoln\u00fd dne\u0161n\u00edmu benz\u00ednu ( E10 ) !<\/p>\n<p><strong>DO\u017dIVOTN\u00cd Z\u00c1RUKA, VYZKOU\u0160ENO V PRAXI !<\/strong><\/p>\n<p><strong>100% FUNK\u010cNOST !<\/strong><\/p>\n<p><strong>POZN. jehla ani ventil na foto, nen\u00ed sou\u010d\u00e1st\u00ed prodeje &#8230; !<\/strong><\/p>\n","protected":false},"excerpt":{"rendered":"<p>Analog. Nov\u00fd. Krou\u017eek je odoln\u00fd dne\u0161n\u00edmu benz\u00ednu ( E10 ) ! DO\u017dIVOTN\u00cd Z\u00c1RUKA, VYZKOU\u0160ENO V PRAXI ! 100% FUNK\u010cNOST ! POZN. jehla ani ventil na foto, nen\u00ed sou\u010d\u00e1st\u00ed prodeje &#8230; !<\/p>\n","protected":false},"featured_media":3966,"template":"","meta":[],"product_brand":[],"product_cat":[48,18,47,54,55,56],"product_tag":[],"class_list":{"0":"post-3965","1":"product","2":"type-product","3":"status-publish","4":"has-post-thumbnail","6":"product_cat-gumove_casti_tesneni_silentbloky","7":"product_cat-motor_spojka_prevodovky","8":"product_cat-system_paliva","9":"product_cat-uaz_469_uaz_452","10":"product_cat-volha_21","11":"product_cat-volha_24","13":"first","14":"instock","15":"shipping-taxable","16":"purchasable","17":"product-type-simple"},"_links":{"self":[{"href":"https:\/\/nd.gaz69.cz\/en\/wp-json\/wp\/v2\/product\/3965","targetHints":{"allow":["GET"]}}],"collection":[{"href":"https:\/\/nd.gaz69.cz\/en\/wp-json\/wp\/v2\/product"}],"about":[{"href":"https:\/\/nd.gaz69.cz\/en\/wp-json\/wp\/v2\/types\/product"}],"wp:featuredmedia":[{"embeddable":true,"href":"https:\/\/nd.gaz69.cz\/en\/wp-json\/wp\/v2\/media\/3966"}],"wp:attachment":[{"href":"https:\/\/nd.gaz69.cz\/en\/wp-json\/wp\/v2\/media?parent=3965"}],"wp:term":[{"taxonomy":"product_brand","embeddable":true,"href":"https:\/\/nd.gaz69.cz\/en\/wp-json\/wp\/v2\/product_brand?post=3965"},{"taxonomy":"product_cat","embeddable":true,"href":"https:\/\/nd.gaz69.cz\/en\/wp-json\/wp\/v2\/product_cat?post=3965"},{"taxonomy":"product_tag","embeddable":true,"href":"https:\/\/nd.gaz69.cz\/en\/wp-json\/wp\/v2\/product_tag?post=3965"}],"curies":[{"name":"wp","href":"https:\/\/api.w.org\/{rel}","templated":true}]}}