{"id":3946,"date":"2026-04-20T17:20:33","date_gmt":"2026-04-20T15:20:33","guid":{"rendered":"https:\/\/nd.gaz69.cz\/?post_type=product&#038;p=3946"},"modified":"2026-04-20T17:57:21","modified_gmt":"2026-04-20T15:57:21","slug":"karburator-k-131a-uaz-original","status":"publish","type":"product","link":"https:\/\/nd.gaz69.cz\/en\/produkt\/karburator-k-131a-uaz-original\/","title":{"rendered":"Karbur\u00e1tor K 131A &#8211; UAZ &#8211; ORIGIN\u00c1L !"},"content":{"rendered":"<p>Origin\u00e1l. Nov\u00fd.<\/p>\n","protected":false},"excerpt":{"rendered":"<p>Origin\u00e1l. Nov\u00fd.<\/p>\n","protected":false},"featured_media":3947,"template":"","meta":[],"product_brand":[],"product_cat":[54,55,56],"product_tag":[],"class_list":{"0":"post-3946","1":"product","2":"type-product","3":"status-publish","4":"has-post-thumbnail","6":"product_cat-uaz_469_uaz_452","7":"product_cat-volha_21","8":"product_cat-volha_24","10":"first","11":"instock","12":"shipping-taxable","13":"purchasable","14":"product-type-simple"},"_links":{"self":[{"href":"https:\/\/nd.gaz69.cz\/en\/wp-json\/wp\/v2\/product\/3946","targetHints":{"allow":["GET"]}}],"collection":[{"href":"https:\/\/nd.gaz69.cz\/en\/wp-json\/wp\/v2\/product"}],"about":[{"href":"https:\/\/nd.gaz69.cz\/en\/wp-json\/wp\/v2\/types\/product"}],"wp:featuredmedia":[{"embeddable":true,"href":"https:\/\/nd.gaz69.cz\/en\/wp-json\/wp\/v2\/media\/3947"}],"wp:attachment":[{"href":"https:\/\/nd.gaz69.cz\/en\/wp-json\/wp\/v2\/media?parent=3946"}],"wp:term":[{"taxonomy":"product_brand","embeddable":true,"href":"https:\/\/nd.gaz69.cz\/en\/wp-json\/wp\/v2\/product_brand?post=3946"},{"taxonomy":"product_cat","embeddable":true,"href":"https:\/\/nd.gaz69.cz\/en\/wp-json\/wp\/v2\/product_cat?post=3946"},{"taxonomy":"product_tag","embeddable":true,"href":"https:\/\/nd.gaz69.cz\/en\/wp-json\/wp\/v2\/product_tag?post=3946"}],"curies":[{"name":"wp","href":"https:\/\/api.w.org\/{rel}","templated":true}]}}