{"id":3941,"date":"2025-08-10T17:22:59","date_gmt":"2025-08-10T15:22:59","guid":{"rendered":"https:\/\/nd.gaz69.cz\/?post_type=product&#038;p=3941"},"modified":"2025-08-10T17:23:00","modified_gmt":"2025-08-10T15:23:00","slug":"tlumice-uaz-original","status":"publish","type":"product","link":"https:\/\/nd.gaz69.cz\/en\/produkt\/tlumice-uaz-original\/","title":{"rendered":"Tlumi\u010de &#8211; UAZ &#8211; ORIGIN\u00c1L !"},"content":{"rendered":"<p>Origin\u00e1l. Nov\u00e9.<\/p>\n<p>Pro p\u0159edn\u00ed i zadn\u00ed \u010d\u00e1st.<\/p>\n<p><strong>Cena je uvedena za 2 kusy.<\/strong><\/p>\n<p><strong>NEJVY\u0160\u0160\u00cd KVALITA NA TRHU !<\/strong><\/p>\n","protected":false},"excerpt":{"rendered":"<p>Origin\u00e1l. Nov\u00e9. Pro p\u0159edn\u00ed i zadn\u00ed \u010d\u00e1st. Cena je uvedena za 2 kusy. NEJVY\u0160\u0160\u00cd KVALITA NA TRHU !<\/p>\n","protected":false},"featured_media":3942,"template":"","meta":[],"product_brand":[],"product_cat":[54,53],"product_tag":[],"class_list":{"0":"post-3941","1":"product","2":"type-product","3":"status-publish","4":"has-post-thumbnail","6":"product_cat-uaz_469_uaz_452","7":"product_cat-gaz_704_uaz_8109","9":"first","10":"instock","11":"shipping-taxable","12":"purchasable","13":"product-type-simple"},"_links":{"self":[{"href":"https:\/\/nd.gaz69.cz\/en\/wp-json\/wp\/v2\/product\/3941","targetHints":{"allow":["GET"]}}],"collection":[{"href":"https:\/\/nd.gaz69.cz\/en\/wp-json\/wp\/v2\/product"}],"about":[{"href":"https:\/\/nd.gaz69.cz\/en\/wp-json\/wp\/v2\/types\/product"}],"wp:featuredmedia":[{"embeddable":true,"href":"https:\/\/nd.gaz69.cz\/en\/wp-json\/wp\/v2\/media\/3942"}],"wp:attachment":[{"href":"https:\/\/nd.gaz69.cz\/en\/wp-json\/wp\/v2\/media?parent=3941"}],"wp:term":[{"taxonomy":"product_brand","embeddable":true,"href":"https:\/\/nd.gaz69.cz\/en\/wp-json\/wp\/v2\/product_brand?post=3941"},{"taxonomy":"product_cat","embeddable":true,"href":"https:\/\/nd.gaz69.cz\/en\/wp-json\/wp\/v2\/product_cat?post=3941"},{"taxonomy":"product_tag","embeddable":true,"href":"https:\/\/nd.gaz69.cz\/en\/wp-json\/wp\/v2\/product_tag?post=3941"}],"curies":[{"name":"wp","href":"https:\/\/api.w.org\/{rel}","templated":true}]}}