{"id":3922,"date":"2025-08-10T17:04:47","date_gmt":"2025-08-10T15:04:47","guid":{"rendered":"https:\/\/nd.gaz69.cz\/?post_type=product&#038;p=3922"},"modified":"2026-02-07T18:43:03","modified_gmt":"2026-02-07T17:43:03","slug":"vysouvaci-vidlice-vysouvaciho-loziska-spojky-uaz","status":"publish","type":"product","link":"https:\/\/nd.gaz69.cz\/en\/produkt\/vysouvaci-vidlice-vysouvaciho-loziska-spojky-uaz\/","title":{"rendered":"Vysouvac\u00ed vidlice vysouvac\u00edho lo\u017eiska spojky &#8211; UAZ"},"content":{"rendered":"<p>Analog. Nov\u00e1. ( Uljanov )<\/p>\n","protected":false},"excerpt":{"rendered":"<p>Analog. Nov\u00e1. ( Uljanov )<\/p>\n","protected":false},"featured_media":3923,"template":"","meta":[],"product_brand":[],"product_cat":[54,55,56],"product_tag":[],"class_list":{"0":"post-3922","1":"product","2":"type-product","3":"status-publish","4":"has-post-thumbnail","6":"product_cat-uaz_469_uaz_452","7":"product_cat-volha_21","8":"product_cat-volha_24","10":"first","11":"instock","12":"shipping-taxable","13":"purchasable","14":"product-type-simple"},"_links":{"self":[{"href":"https:\/\/nd.gaz69.cz\/en\/wp-json\/wp\/v2\/product\/3922","targetHints":{"allow":["GET"]}}],"collection":[{"href":"https:\/\/nd.gaz69.cz\/en\/wp-json\/wp\/v2\/product"}],"about":[{"href":"https:\/\/nd.gaz69.cz\/en\/wp-json\/wp\/v2\/types\/product"}],"wp:featuredmedia":[{"embeddable":true,"href":"https:\/\/nd.gaz69.cz\/en\/wp-json\/wp\/v2\/media\/3923"}],"wp:attachment":[{"href":"https:\/\/nd.gaz69.cz\/en\/wp-json\/wp\/v2\/media?parent=3922"}],"wp:term":[{"taxonomy":"product_brand","embeddable":true,"href":"https:\/\/nd.gaz69.cz\/en\/wp-json\/wp\/v2\/product_brand?post=3922"},{"taxonomy":"product_cat","embeddable":true,"href":"https:\/\/nd.gaz69.cz\/en\/wp-json\/wp\/v2\/product_cat?post=3922"},{"taxonomy":"product_tag","embeddable":true,"href":"https:\/\/nd.gaz69.cz\/en\/wp-json\/wp\/v2\/product_tag?post=3922"}],"curies":[{"name":"wp","href":"https:\/\/api.w.org\/{rel}","templated":true}]}}