{"id":3920,"date":"2025-08-10T17:01:50","date_gmt":"2025-08-10T15:01:50","guid":{"rendered":"https:\/\/nd.gaz69.cz\/?post_type=product&#038;p=3920"},"modified":"2025-09-22T07:32:41","modified_gmt":"2025-09-22T05:32:41","slug":"podlozka-matice-hlavy-uaz-original","status":"publish","type":"product","link":"https:\/\/nd.gaz69.cz\/en\/produkt\/podlozka-matice-hlavy-uaz-original\/","title":{"rendered":"Podlo\u017eka matice hlavy &#8211; UAZ &#8211; ORIGIN\u00c1L ! &#8211; DO\u010cASN\u011a VYPROD\u00c1NO &#8230;"},"content":{"rendered":"<p>Origin\u00e1l. Nov\u00e1.<\/p>\n","protected":false},"excerpt":{"rendered":"<p>Origin\u00e1l. Nov\u00e1.<\/p>\n","protected":false},"featured_media":3921,"template":"","meta":[],"product_brand":[],"product_cat":[54,55,56],"product_tag":[],"class_list":{"0":"post-3920","1":"product","2":"type-product","3":"status-publish","4":"has-post-thumbnail","6":"product_cat-uaz_469_uaz_452","7":"product_cat-volha_21","8":"product_cat-volha_24","10":"first","11":"instock","12":"shipping-taxable","13":"purchasable","14":"product-type-simple"},"_links":{"self":[{"href":"https:\/\/nd.gaz69.cz\/en\/wp-json\/wp\/v2\/product\/3920","targetHints":{"allow":["GET"]}}],"collection":[{"href":"https:\/\/nd.gaz69.cz\/en\/wp-json\/wp\/v2\/product"}],"about":[{"href":"https:\/\/nd.gaz69.cz\/en\/wp-json\/wp\/v2\/types\/product"}],"wp:featuredmedia":[{"embeddable":true,"href":"https:\/\/nd.gaz69.cz\/en\/wp-json\/wp\/v2\/media\/3921"}],"wp:attachment":[{"href":"https:\/\/nd.gaz69.cz\/en\/wp-json\/wp\/v2\/media?parent=3920"}],"wp:term":[{"taxonomy":"product_brand","embeddable":true,"href":"https:\/\/nd.gaz69.cz\/en\/wp-json\/wp\/v2\/product_brand?post=3920"},{"taxonomy":"product_cat","embeddable":true,"href":"https:\/\/nd.gaz69.cz\/en\/wp-json\/wp\/v2\/product_cat?post=3920"},{"taxonomy":"product_tag","embeddable":true,"href":"https:\/\/nd.gaz69.cz\/en\/wp-json\/wp\/v2\/product_tag?post=3920"}],"curies":[{"name":"wp","href":"https:\/\/api.w.org\/{rel}","templated":true}]}}