{"id":3883,"date":"2025-08-05T18:51:47","date_gmt":"2025-08-05T16:51:47","guid":{"rendered":"https:\/\/nd.gaz69.cz\/?post_type=product&#038;p=3883"},"modified":"2025-08-05T18:51:49","modified_gmt":"2025-08-05T16:51:49","slug":"zadni-lampy-uaz-celokov-original","status":"publish","type":"product","link":"https:\/\/nd.gaz69.cz\/en\/produkt\/zadni-lampy-uaz-celokov-original\/","title":{"rendered":"Zadn\u00ed lampy &#8211; UAZ &#8211; celokov ! &#8211; ORIGIN\u00c1L !"},"content":{"rendered":"<p>Origin\u00e1l. Nov\u00e9.<\/p>\n<p><strong>NEJVY\u0160\u0160\u00cd KVALITA NA TRHU !<\/strong><\/p>\n<p><strong>Cena je uvedena za 2 kusy.<\/strong><\/p>\n","protected":false},"excerpt":{"rendered":"<p>Origin\u00e1l. Nov\u00e9. NEJVY\u0160\u0160\u00cd KVALITA NA TRHU ! Cena je uvedena za 2 kusy.<\/p>\n","protected":false},"featured_media":3884,"template":"","meta":[],"product_brand":[],"product_cat":[54],"product_tag":[],"class_list":{"0":"post-3883","1":"product","2":"type-product","3":"status-publish","4":"has-post-thumbnail","6":"product_cat-uaz_469_uaz_452","8":"first","9":"instock","10":"shipping-taxable","11":"purchasable","12":"product-type-simple"},"_links":{"self":[{"href":"https:\/\/nd.gaz69.cz\/en\/wp-json\/wp\/v2\/product\/3883","targetHints":{"allow":["GET"]}}],"collection":[{"href":"https:\/\/nd.gaz69.cz\/en\/wp-json\/wp\/v2\/product"}],"about":[{"href":"https:\/\/nd.gaz69.cz\/en\/wp-json\/wp\/v2\/types\/product"}],"wp:featuredmedia":[{"embeddable":true,"href":"https:\/\/nd.gaz69.cz\/en\/wp-json\/wp\/v2\/media\/3884"}],"wp:attachment":[{"href":"https:\/\/nd.gaz69.cz\/en\/wp-json\/wp\/v2\/media?parent=3883"}],"wp:term":[{"taxonomy":"product_brand","embeddable":true,"href":"https:\/\/nd.gaz69.cz\/en\/wp-json\/wp\/v2\/product_brand?post=3883"},{"taxonomy":"product_cat","embeddable":true,"href":"https:\/\/nd.gaz69.cz\/en\/wp-json\/wp\/v2\/product_cat?post=3883"},{"taxonomy":"product_tag","embeddable":true,"href":"https:\/\/nd.gaz69.cz\/en\/wp-json\/wp\/v2\/product_tag?post=3883"}],"curies":[{"name":"wp","href":"https:\/\/api.w.org\/{rel}","templated":true}]}}