{"id":3805,"date":"2025-07-26T09:03:18","date_gmt":"2025-07-26T07:03:18","guid":{"rendered":"https:\/\/nd.gaz69.cz\/?post_type=product&#038;p=3805"},"modified":"2025-07-26T09:03:19","modified_gmt":"2025-07-26T07:03:19","slug":"zvedak-volha-21-original","status":"publish","type":"product","link":"https:\/\/nd.gaz69.cz\/en\/produkt\/zvedak-volha-21-original\/","title":{"rendered":"Zved\u00e1k &#8211; Volha 21 &#8211; ORIGIN\u00c1L !"},"content":{"rendered":"<p>Origin\u00e1l. U\u017e\u00edvan\u00fd.<\/p>\n<p><strong>Pln\u011b funk\u010dn\u00ed.<\/strong><\/p>\n","protected":false},"excerpt":{"rendered":"<p>Origin\u00e1l. U\u017e\u00edvan\u00fd. Pln\u011b funk\u010dn\u00ed.<\/p>\n","protected":false},"featured_media":3806,"template":"","meta":[],"product_brand":[],"product_cat":[55],"product_tag":[],"class_list":{"0":"post-3805","1":"product","2":"type-product","3":"status-publish","4":"has-post-thumbnail","6":"product_cat-volha_21","8":"first","9":"instock","10":"shipping-taxable","11":"purchasable","12":"product-type-simple"},"_links":{"self":[{"href":"https:\/\/nd.gaz69.cz\/en\/wp-json\/wp\/v2\/product\/3805","targetHints":{"allow":["GET"]}}],"collection":[{"href":"https:\/\/nd.gaz69.cz\/en\/wp-json\/wp\/v2\/product"}],"about":[{"href":"https:\/\/nd.gaz69.cz\/en\/wp-json\/wp\/v2\/types\/product"}],"wp:featuredmedia":[{"embeddable":true,"href":"https:\/\/nd.gaz69.cz\/en\/wp-json\/wp\/v2\/media\/3806"}],"wp:attachment":[{"href":"https:\/\/nd.gaz69.cz\/en\/wp-json\/wp\/v2\/media?parent=3805"}],"wp:term":[{"taxonomy":"product_brand","embeddable":true,"href":"https:\/\/nd.gaz69.cz\/en\/wp-json\/wp\/v2\/product_brand?post=3805"},{"taxonomy":"product_cat","embeddable":true,"href":"https:\/\/nd.gaz69.cz\/en\/wp-json\/wp\/v2\/product_cat?post=3805"},{"taxonomy":"product_tag","embeddable":true,"href":"https:\/\/nd.gaz69.cz\/en\/wp-json\/wp\/v2\/product_tag?post=3805"}],"curies":[{"name":"wp","href":"https:\/\/api.w.org\/{rel}","templated":true}]}}