{"id":3779,"date":"2025-07-20T09:40:03","date_gmt":"2025-07-20T07:40:03","guid":{"rendered":"https:\/\/nd.gaz69.cz\/?post_type=product&#038;p=3779"},"modified":"2025-07-20T09:40:04","modified_gmt":"2025-07-20T07:40:04","slug":"lemy-uaz-469-uaz-hunter","status":"publish","type":"product","link":"https:\/\/nd.gaz69.cz\/en\/produkt\/lemy-uaz-469-uaz-hunter\/","title":{"rendered":"Lemy &#8211; UAZ 469 &#8211; UAZ HUNTER"},"content":{"rendered":"<p>Analog. Nov\u00e9.<\/p>\n<p><strong>Komplet obsahuje 10 kus\u016f lem\u016f, t\u011bsn\u011bn\u00ed a spojovac\u00ed materi\u00e1l.<\/strong><\/p>\n","protected":false},"excerpt":{"rendered":"<p>Analog. Nov\u00e9. Komplet obsahuje 10 kus\u016f lem\u016f, t\u011bsn\u011bn\u00ed a spojovac\u00ed materi\u00e1l.<\/p>\n","protected":false},"featured_media":3781,"template":"","meta":[],"product_brand":[],"product_cat":[54],"product_tag":[],"class_list":{"0":"post-3779","1":"product","2":"type-product","3":"status-publish","4":"has-post-thumbnail","6":"product_cat-uaz_469_uaz_452","8":"first","9":"instock","10":"shipping-taxable","11":"purchasable","12":"product-type-simple"},"_links":{"self":[{"href":"https:\/\/nd.gaz69.cz\/en\/wp-json\/wp\/v2\/product\/3779","targetHints":{"allow":["GET"]}}],"collection":[{"href":"https:\/\/nd.gaz69.cz\/en\/wp-json\/wp\/v2\/product"}],"about":[{"href":"https:\/\/nd.gaz69.cz\/en\/wp-json\/wp\/v2\/types\/product"}],"wp:featuredmedia":[{"embeddable":true,"href":"https:\/\/nd.gaz69.cz\/en\/wp-json\/wp\/v2\/media\/3781"}],"wp:attachment":[{"href":"https:\/\/nd.gaz69.cz\/en\/wp-json\/wp\/v2\/media?parent=3779"}],"wp:term":[{"taxonomy":"product_brand","embeddable":true,"href":"https:\/\/nd.gaz69.cz\/en\/wp-json\/wp\/v2\/product_brand?post=3779"},{"taxonomy":"product_cat","embeddable":true,"href":"https:\/\/nd.gaz69.cz\/en\/wp-json\/wp\/v2\/product_cat?post=3779"},{"taxonomy":"product_tag","embeddable":true,"href":"https:\/\/nd.gaz69.cz\/en\/wp-json\/wp\/v2\/product_tag?post=3779"}],"curies":[{"name":"wp","href":"https:\/\/api.w.org\/{rel}","templated":true}]}}