{"id":3761,"date":"2024-04-26T19:01:30","date_gmt":"2024-04-26T17:01:30","guid":{"rendered":"https:\/\/nd.gaz69.cz\/?post_type=product&#038;p=3761"},"modified":"2025-07-19T17:35:52","modified_gmt":"2025-07-19T15:35:52","slug":"pisty-89-00-original","status":"publish","type":"product","link":"https:\/\/nd.gaz69.cz\/en\/produkt\/pisty-89-00-original\/","title":{"rendered":"P\u00edsty 89.00 &#8211; ORIGIN\u00c1L !"},"content":{"rendered":"<p>Origin\u00e1l. Nov\u00e9.<\/p>\n<p>Pro obsah motoru 2430.<\/p>\n<p><strong>Cena za 4 kusy.<\/strong><\/p>\n","protected":false},"excerpt":{"rendered":"<p>Origin\u00e1l. Nov\u00e9. Pro obsah motoru 2430. Cena za 4 kusy.<\/p>\n","protected":false},"featured_media":3762,"template":"","meta":[],"product_brand":[],"product_cat":[18],"product_tag":[],"class_list":{"0":"post-3761","1":"product","2":"type-product","3":"status-publish","4":"has-post-thumbnail","6":"product_cat-motor_spojka_prevodovky","8":"first","9":"instock","10":"shipping-taxable","11":"purchasable","12":"product-type-simple"},"_links":{"self":[{"href":"https:\/\/nd.gaz69.cz\/en\/wp-json\/wp\/v2\/product\/3761","targetHints":{"allow":["GET"]}}],"collection":[{"href":"https:\/\/nd.gaz69.cz\/en\/wp-json\/wp\/v2\/product"}],"about":[{"href":"https:\/\/nd.gaz69.cz\/en\/wp-json\/wp\/v2\/types\/product"}],"wp:featuredmedia":[{"embeddable":true,"href":"https:\/\/nd.gaz69.cz\/en\/wp-json\/wp\/v2\/media\/3762"}],"wp:attachment":[{"href":"https:\/\/nd.gaz69.cz\/en\/wp-json\/wp\/v2\/media?parent=3761"}],"wp:term":[{"taxonomy":"product_brand","embeddable":true,"href":"https:\/\/nd.gaz69.cz\/en\/wp-json\/wp\/v2\/product_brand?post=3761"},{"taxonomy":"product_cat","embeddable":true,"href":"https:\/\/nd.gaz69.cz\/en\/wp-json\/wp\/v2\/product_cat?post=3761"},{"taxonomy":"product_tag","embeddable":true,"href":"https:\/\/nd.gaz69.cz\/en\/wp-json\/wp\/v2\/product_tag?post=3761"}],"curies":[{"name":"wp","href":"https:\/\/api.w.org\/{rel}","templated":true}]}}