{"id":3710,"date":"2024-06-12T19:48:10","date_gmt":"2024-06-12T17:48:10","guid":{"rendered":"https:\/\/nd.gaz69.cz\/?post_type=product&#038;p=3710"},"modified":"2025-07-02T18:17:54","modified_gmt":"2025-07-02T16:17:54","slug":"paka-rucni-brzdy-original","status":"publish","type":"product","link":"https:\/\/nd.gaz69.cz\/en\/produkt\/paka-rucni-brzdy-original\/","title":{"rendered":"P\u00e1ka ru\u010dn\u00ed brzdy &#8211; ORIGIN\u00c1L !"},"content":{"rendered":"<p>Nov\u00e1. Origin\u00e1l.<\/p>\n","protected":false},"excerpt":{"rendered":"<p>Nov\u00e1. Origin\u00e1l.<\/p>\n","protected":false},"featured_media":3714,"template":"","meta":[],"product_brand":[],"product_cat":[29],"product_tag":[],"class_list":{"0":"post-3710","1":"product","2":"type-product","3":"status-publish","4":"has-post-thumbnail","6":"product_cat-brzdovy_system","8":"first","9":"instock","10":"shipping-taxable","11":"purchasable","12":"product-type-simple"},"_links":{"self":[{"href":"https:\/\/nd.gaz69.cz\/en\/wp-json\/wp\/v2\/product\/3710","targetHints":{"allow":["GET"]}}],"collection":[{"href":"https:\/\/nd.gaz69.cz\/en\/wp-json\/wp\/v2\/product"}],"about":[{"href":"https:\/\/nd.gaz69.cz\/en\/wp-json\/wp\/v2\/types\/product"}],"wp:featuredmedia":[{"embeddable":true,"href":"https:\/\/nd.gaz69.cz\/en\/wp-json\/wp\/v2\/media\/3714"}],"wp:attachment":[{"href":"https:\/\/nd.gaz69.cz\/en\/wp-json\/wp\/v2\/media?parent=3710"}],"wp:term":[{"taxonomy":"product_brand","embeddable":true,"href":"https:\/\/nd.gaz69.cz\/en\/wp-json\/wp\/v2\/product_brand?post=3710"},{"taxonomy":"product_cat","embeddable":true,"href":"https:\/\/nd.gaz69.cz\/en\/wp-json\/wp\/v2\/product_cat?post=3710"},{"taxonomy":"product_tag","embeddable":true,"href":"https:\/\/nd.gaz69.cz\/en\/wp-json\/wp\/v2\/product_tag?post=3710"}],"curies":[{"name":"wp","href":"https:\/\/api.w.org\/{rel}","templated":true}]}}