{"id":371,"date":"2025-06-16T16:02:06","date_gmt":"2025-06-16T14:02:06","guid":{"rendered":"https:\/\/nd.gaz69.cz\/?post_type=product&#038;p=371"},"modified":"2025-06-17T16:12:32","modified_gmt":"2025-06-17T14:12:32","slug":"tesneni-kolem-vnitrniho-ramu-okna","status":"publish","type":"product","link":"https:\/\/nd.gaz69.cz\/en\/produkt\/tesneni-kolem-vnitrniho-ramu-okna\/","title":{"rendered":"T\u011bsn\u011bn\u00ed kolem vnit\u0159n\u00edho r\u00e1mu okna"},"content":{"rendered":"<p>Analog. Nov\u00e9.<\/p>\n","protected":false},"excerpt":{"rendered":"<p>Analog. Nov\u00e9.<\/p>\n","protected":false},"featured_media":372,"template":"","meta":[],"product_brand":[],"product_cat":[48],"product_tag":[],"class_list":{"0":"post-371","1":"product","2":"type-product","3":"status-publish","4":"has-post-thumbnail","6":"product_cat-gumove_casti_tesneni_silentbloky","8":"first","9":"instock","10":"shipping-taxable","11":"purchasable","12":"product-type-simple"},"_links":{"self":[{"href":"https:\/\/nd.gaz69.cz\/en\/wp-json\/wp\/v2\/product\/371","targetHints":{"allow":["GET"]}}],"collection":[{"href":"https:\/\/nd.gaz69.cz\/en\/wp-json\/wp\/v2\/product"}],"about":[{"href":"https:\/\/nd.gaz69.cz\/en\/wp-json\/wp\/v2\/types\/product"}],"wp:featuredmedia":[{"embeddable":true,"href":"https:\/\/nd.gaz69.cz\/en\/wp-json\/wp\/v2\/media\/372"}],"wp:attachment":[{"href":"https:\/\/nd.gaz69.cz\/en\/wp-json\/wp\/v2\/media?parent=371"}],"wp:term":[{"taxonomy":"product_brand","embeddable":true,"href":"https:\/\/nd.gaz69.cz\/en\/wp-json\/wp\/v2\/product_brand?post=371"},{"taxonomy":"product_cat","embeddable":true,"href":"https:\/\/nd.gaz69.cz\/en\/wp-json\/wp\/v2\/product_cat?post=371"},{"taxonomy":"product_tag","embeddable":true,"href":"https:\/\/nd.gaz69.cz\/en\/wp-json\/wp\/v2\/product_tag?post=371"}],"curies":[{"name":"wp","href":"https:\/\/api.w.org\/{rel}","templated":true}]}}