{"id":3696,"date":"2025-07-01T15:10:15","date_gmt":"2025-07-01T13:10:15","guid":{"rendered":"https:\/\/nd.gaz69.cz\/?post_type=product&#038;p=3696"},"modified":"2025-08-24T10:19:22","modified_gmt":"2025-08-24T08:19:22","slug":"tesneni-termostatu","status":"publish","type":"product","link":"https:\/\/nd.gaz69.cz\/en\/produkt\/tesneni-termostatu\/","title":{"rendered":"T\u011bsn\u011bn\u00ed termostatu"},"content":{"rendered":"<p>Analog. Nov\u00e9.<\/p>\n","protected":false},"excerpt":{"rendered":"<p>Analog. Nov\u00e9.<\/p>\n","protected":false},"featured_media":3697,"template":"","meta":[],"product_brand":[],"product_cat":[48,44,54,55,56],"product_tag":[],"class_list":{"0":"post-3696","1":"product","2":"type-product","3":"status-publish","4":"has-post-thumbnail","6":"product_cat-gumove_casti_tesneni_silentbloky","7":"product_cat-sytem_chlazeni_topeni","8":"product_cat-uaz_469_uaz_452","9":"product_cat-volha_21","10":"product_cat-volha_24","12":"first","13":"instock","14":"shipping-taxable","15":"purchasable","16":"product-type-simple"},"_links":{"self":[{"href":"https:\/\/nd.gaz69.cz\/en\/wp-json\/wp\/v2\/product\/3696","targetHints":{"allow":["GET"]}}],"collection":[{"href":"https:\/\/nd.gaz69.cz\/en\/wp-json\/wp\/v2\/product"}],"about":[{"href":"https:\/\/nd.gaz69.cz\/en\/wp-json\/wp\/v2\/types\/product"}],"wp:featuredmedia":[{"embeddable":true,"href":"https:\/\/nd.gaz69.cz\/en\/wp-json\/wp\/v2\/media\/3697"}],"wp:attachment":[{"href":"https:\/\/nd.gaz69.cz\/en\/wp-json\/wp\/v2\/media?parent=3696"}],"wp:term":[{"taxonomy":"product_brand","embeddable":true,"href":"https:\/\/nd.gaz69.cz\/en\/wp-json\/wp\/v2\/product_brand?post=3696"},{"taxonomy":"product_cat","embeddable":true,"href":"https:\/\/nd.gaz69.cz\/en\/wp-json\/wp\/v2\/product_cat?post=3696"},{"taxonomy":"product_tag","embeddable":true,"href":"https:\/\/nd.gaz69.cz\/en\/wp-json\/wp\/v2\/product_tag?post=3696"}],"curies":[{"name":"wp","href":"https:\/\/api.w.org\/{rel}","templated":true}]}}