{"id":3682,"date":"2025-07-01T14:45:22","date_gmt":"2025-07-01T12:45:22","guid":{"rendered":"https:\/\/nd.gaz69.cz\/?post_type=product&#038;p=3682"},"modified":"2025-10-07T16:11:09","modified_gmt":"2025-10-07T14:11:09","slug":"tesneni-bocniho-okna-nastavce-dveri","status":"publish","type":"product","link":"https:\/\/nd.gaz69.cz\/en\/produkt\/tesneni-bocniho-okna-nastavce-dveri\/","title":{"rendered":"T\u011bsn\u011bn\u00ed bo\u010dn\u00edho okna n\u00e1dstavce dve\u0159\u00ed"},"content":{"rendered":"<p>Analog. Nov\u00e9.<\/p>\n<p><strong>Cena je uvedena za 1 ks, pro 1 bo\u010dn\u00ed okno.<\/strong><\/p>\n","protected":false},"excerpt":{"rendered":"<p>Analog. Nov\u00e9. Cena je uvedena za 1 ks, pro 1 bo\u010dn\u00ed okno.<\/p>\n","protected":false},"featured_media":3683,"template":"","meta":[],"product_brand":[],"product_cat":[45,48],"product_tag":[],"class_list":{"0":"post-3682","1":"product","2":"type-product","3":"status-publish","4":"has-post-thumbnail","6":"product_cat-casti_kabiny","7":"product_cat-gumove_casti_tesneni_silentbloky","9":"first","10":"instock","11":"shipping-taxable","12":"purchasable","13":"product-type-simple"},"_links":{"self":[{"href":"https:\/\/nd.gaz69.cz\/en\/wp-json\/wp\/v2\/product\/3682","targetHints":{"allow":["GET"]}}],"collection":[{"href":"https:\/\/nd.gaz69.cz\/en\/wp-json\/wp\/v2\/product"}],"about":[{"href":"https:\/\/nd.gaz69.cz\/en\/wp-json\/wp\/v2\/types\/product"}],"wp:featuredmedia":[{"embeddable":true,"href":"https:\/\/nd.gaz69.cz\/en\/wp-json\/wp\/v2\/media\/3683"}],"wp:attachment":[{"href":"https:\/\/nd.gaz69.cz\/en\/wp-json\/wp\/v2\/media?parent=3682"}],"wp:term":[{"taxonomy":"product_brand","embeddable":true,"href":"https:\/\/nd.gaz69.cz\/en\/wp-json\/wp\/v2\/product_brand?post=3682"},{"taxonomy":"product_cat","embeddable":true,"href":"https:\/\/nd.gaz69.cz\/en\/wp-json\/wp\/v2\/product_cat?post=3682"},{"taxonomy":"product_tag","embeddable":true,"href":"https:\/\/nd.gaz69.cz\/en\/wp-json\/wp\/v2\/product_tag?post=3682"}],"curies":[{"name":"wp","href":"https:\/\/api.w.org\/{rel}","templated":true}]}}