{"id":3670,"date":"2025-06-30T10:56:38","date_gmt":"2025-06-30T08:56:38","guid":{"rendered":"https:\/\/nd.gaz69.cz\/?post_type=product&#038;p=3670"},"modified":"2025-06-30T10:56:38","modified_gmt":"2025-06-30T08:56:38","slug":"silentblok-tlumice-vyfuku-original","status":"publish","type":"product","link":"https:\/\/nd.gaz69.cz\/en\/produkt\/silentblok-tlumice-vyfuku-original\/","title":{"rendered":"Silentblok tlumi\u010de v\u00fdfuku &#8211; ORIGIN\u00c1L !"},"content":{"rendered":"<p>Origin\u00e1l. Nov\u00fd.<\/p>\n<p><strong>Cena je uvedena za 1 ks.<\/strong><\/p>\n<p><strong>Pot\u0159eba jsou 2 ks.<\/strong><\/p>\n","protected":false},"excerpt":{"rendered":"<p>Origin\u00e1l. Nov\u00fd. Cena je uvedena za 1 ks. Pot\u0159eba jsou 2 ks.<\/p>\n","protected":false},"featured_media":3671,"template":"","meta":[],"product_brand":[],"product_cat":[48,30],"product_tag":[],"class_list":{"0":"post-3670","1":"product","2":"type-product","3":"status-publish","4":"has-post-thumbnail","6":"product_cat-gumove_casti_tesneni_silentbloky","7":"product_cat-vyfukovy_system","9":"first","10":"instock","11":"shipping-taxable","12":"purchasable","13":"product-type-simple"},"_links":{"self":[{"href":"https:\/\/nd.gaz69.cz\/en\/wp-json\/wp\/v2\/product\/3670","targetHints":{"allow":["GET"]}}],"collection":[{"href":"https:\/\/nd.gaz69.cz\/en\/wp-json\/wp\/v2\/product"}],"about":[{"href":"https:\/\/nd.gaz69.cz\/en\/wp-json\/wp\/v2\/types\/product"}],"wp:featuredmedia":[{"embeddable":true,"href":"https:\/\/nd.gaz69.cz\/en\/wp-json\/wp\/v2\/media\/3671"}],"wp:attachment":[{"href":"https:\/\/nd.gaz69.cz\/en\/wp-json\/wp\/v2\/media?parent=3670"}],"wp:term":[{"taxonomy":"product_brand","embeddable":true,"href":"https:\/\/nd.gaz69.cz\/en\/wp-json\/wp\/v2\/product_brand?post=3670"},{"taxonomy":"product_cat","embeddable":true,"href":"https:\/\/nd.gaz69.cz\/en\/wp-json\/wp\/v2\/product_cat?post=3670"},{"taxonomy":"product_tag","embeddable":true,"href":"https:\/\/nd.gaz69.cz\/en\/wp-json\/wp\/v2\/product_tag?post=3670"}],"curies":[{"name":"wp","href":"https:\/\/api.w.org\/{rel}","templated":true}]}}