{"id":3534,"date":"2025-06-16T15:39:12","date_gmt":"2025-06-16T13:39:12","guid":{"rendered":"https:\/\/nd.gaz69.cz\/?post_type=product&#038;p=3534"},"modified":"2025-06-16T15:39:12","modified_gmt":"2025-06-16T13:39:12","slug":"pripojky-predehrivace-pro-spousteni-motoru-original","status":"publish","type":"product","link":"https:\/\/nd.gaz69.cz\/en\/produkt\/pripojky-predehrivace-pro-spousteni-motoru-original\/","title":{"rendered":"P\u0159\u00edpojky p\u0159edeh\u0159\u00edva\u010de pro spou\u0161t\u011bn\u00ed motoru &#8211; ORIGIN\u00c1L !"},"content":{"rendered":"<p>Nov\u00e9. Origin\u00e1l.<\/p>\n<p><strong>Cena je uvedena za 2 ks.<\/strong><\/p>\n","protected":false},"excerpt":{"rendered":"<p>Nov\u00e9. Origin\u00e1l. Cena je uvedena za 2 ks.<\/p>\n","protected":false},"featured_media":3535,"template":"","meta":[],"product_brand":[],"product_cat":[18,44],"product_tag":[],"class_list":{"0":"post-3534","1":"product","2":"type-product","3":"status-publish","4":"has-post-thumbnail","6":"product_cat-motor_spojka_prevodovky","7":"product_cat-sytem_chlazeni_topeni","9":"first","10":"instock","11":"shipping-taxable","12":"purchasable","13":"product-type-simple"},"_links":{"self":[{"href":"https:\/\/nd.gaz69.cz\/en\/wp-json\/wp\/v2\/product\/3534","targetHints":{"allow":["GET"]}}],"collection":[{"href":"https:\/\/nd.gaz69.cz\/en\/wp-json\/wp\/v2\/product"}],"about":[{"href":"https:\/\/nd.gaz69.cz\/en\/wp-json\/wp\/v2\/types\/product"}],"wp:featuredmedia":[{"embeddable":true,"href":"https:\/\/nd.gaz69.cz\/en\/wp-json\/wp\/v2\/media\/3535"}],"wp:attachment":[{"href":"https:\/\/nd.gaz69.cz\/en\/wp-json\/wp\/v2\/media?parent=3534"}],"wp:term":[{"taxonomy":"product_brand","embeddable":true,"href":"https:\/\/nd.gaz69.cz\/en\/wp-json\/wp\/v2\/product_brand?post=3534"},{"taxonomy":"product_cat","embeddable":true,"href":"https:\/\/nd.gaz69.cz\/en\/wp-json\/wp\/v2\/product_cat?post=3534"},{"taxonomy":"product_tag","embeddable":true,"href":"https:\/\/nd.gaz69.cz\/en\/wp-json\/wp\/v2\/product_tag?post=3534"}],"curies":[{"name":"wp","href":"https:\/\/api.w.org\/{rel}","templated":true}]}}