{"id":3530,"date":"2025-06-16T15:33:16","date_gmt":"2025-06-16T13:33:16","guid":{"rendered":"https:\/\/nd.gaz69.cz\/?post_type=product&#038;p=3530"},"modified":"2025-06-16T15:33:30","modified_gmt":"2025-06-16T13:33:30","slug":"drzak-dynama-k-bloku-valcu-original","status":"publish","type":"product","link":"https:\/\/nd.gaz69.cz\/en\/produkt\/drzak-dynama-k-bloku-valcu-original\/","title":{"rendered":"Dr\u017e\u00e1k dynama k bloku v\u00e1lc\u016f &#8211; ORIGIN\u00c1L !"},"content":{"rendered":"<p>Nov\u00fd. Origin\u00e1l.<\/p>\n","protected":false},"excerpt":{"rendered":"<p>Nov\u00fd. Origin\u00e1l.<\/p>\n","protected":false},"featured_media":3531,"template":"","meta":[],"product_brand":[],"product_cat":[31,18],"product_tag":[],"class_list":{"0":"post-3530","1":"product","2":"type-product","3":"status-publish","4":"has-post-thumbnail","6":"product_cat-elektricke_casti","7":"product_cat-motor_spojka_prevodovky","9":"first","10":"instock","11":"shipping-taxable","12":"purchasable","13":"product-type-simple"},"_links":{"self":[{"href":"https:\/\/nd.gaz69.cz\/en\/wp-json\/wp\/v2\/product\/3530","targetHints":{"allow":["GET"]}}],"collection":[{"href":"https:\/\/nd.gaz69.cz\/en\/wp-json\/wp\/v2\/product"}],"about":[{"href":"https:\/\/nd.gaz69.cz\/en\/wp-json\/wp\/v2\/types\/product"}],"wp:featuredmedia":[{"embeddable":true,"href":"https:\/\/nd.gaz69.cz\/en\/wp-json\/wp\/v2\/media\/3531"}],"wp:attachment":[{"href":"https:\/\/nd.gaz69.cz\/en\/wp-json\/wp\/v2\/media?parent=3530"}],"wp:term":[{"taxonomy":"product_brand","embeddable":true,"href":"https:\/\/nd.gaz69.cz\/en\/wp-json\/wp\/v2\/product_brand?post=3530"},{"taxonomy":"product_cat","embeddable":true,"href":"https:\/\/nd.gaz69.cz\/en\/wp-json\/wp\/v2\/product_cat?post=3530"},{"taxonomy":"product_tag","embeddable":true,"href":"https:\/\/nd.gaz69.cz\/en\/wp-json\/wp\/v2\/product_tag?post=3530"}],"curies":[{"name":"wp","href":"https:\/\/api.w.org\/{rel}","templated":true}]}}