{"id":3521,"date":"2025-06-16T15:16:36","date_gmt":"2025-06-16T13:16:36","guid":{"rendered":"https:\/\/nd.gaz69.cz\/?post_type=product&#038;p=3521"},"modified":"2025-06-16T15:23:40","modified_gmt":"2025-06-16T13:23:40","slug":"spojovaci-hadice-plniciho-hrdla-nadrze-paliva-gaz-69-i-gaz-69-a-original","status":"publish","type":"product","link":"https:\/\/nd.gaz69.cz\/en\/produkt\/spojovaci-hadice-plniciho-hrdla-nadrze-paliva-gaz-69-i-gaz-69-a-original\/","title":{"rendered":"Spojovac\u00ed hadice pln\u00edc\u00edho hrdla n\u00e1dr\u017ee paliva &#8211; Gaz 69 i Gaz 69 A &#8211; ORIGIN\u00c1L !"},"content":{"rendered":"<p>Nov\u00e1. Origin\u00e1l.<\/p>\n<p>Pro Gaz 69 a Gaz 69M je pot\u0159eba 2 ks.<\/p>\n<p>Pro Gaz 69 A je pot\u0159eba 1 ks.<\/p>\n<p><strong>Cena je uvedena za 1 ks.<\/strong><\/p>\n","protected":false},"excerpt":{"rendered":"<p>Nov\u00e1. Origin\u00e1l. Pro Gaz 69 a Gaz 69M je pot\u0159eba 2 ks. Pro Gaz 69 A je pot\u0159eba 1 ks. Cena je uvedena za 1 ks.<\/p>\n","protected":false},"featured_media":3526,"template":"","meta":[],"product_brand":[],"product_cat":[48,47],"product_tag":[],"class_list":{"0":"post-3521","1":"product","2":"type-product","3":"status-publish","4":"has-post-thumbnail","6":"product_cat-gumove_casti_tesneni_silentbloky","7":"product_cat-system_paliva","9":"first","10":"instock","11":"shipping-taxable","12":"purchasable","13":"product-type-simple"},"_links":{"self":[{"href":"https:\/\/nd.gaz69.cz\/en\/wp-json\/wp\/v2\/product\/3521","targetHints":{"allow":["GET"]}}],"collection":[{"href":"https:\/\/nd.gaz69.cz\/en\/wp-json\/wp\/v2\/product"}],"about":[{"href":"https:\/\/nd.gaz69.cz\/en\/wp-json\/wp\/v2\/types\/product"}],"wp:featuredmedia":[{"embeddable":true,"href":"https:\/\/nd.gaz69.cz\/en\/wp-json\/wp\/v2\/media\/3526"}],"wp:attachment":[{"href":"https:\/\/nd.gaz69.cz\/en\/wp-json\/wp\/v2\/media?parent=3521"}],"wp:term":[{"taxonomy":"product_brand","embeddable":true,"href":"https:\/\/nd.gaz69.cz\/en\/wp-json\/wp\/v2\/product_brand?post=3521"},{"taxonomy":"product_cat","embeddable":true,"href":"https:\/\/nd.gaz69.cz\/en\/wp-json\/wp\/v2\/product_cat?post=3521"},{"taxonomy":"product_tag","embeddable":true,"href":"https:\/\/nd.gaz69.cz\/en\/wp-json\/wp\/v2\/product_tag?post=3521"}],"curies":[{"name":"wp","href":"https:\/\/api.w.org\/{rel}","templated":true}]}}