{"id":3425,"date":"2025-05-14T18:26:51","date_gmt":"2025-05-14T16:26:51","guid":{"rendered":"https:\/\/nd.gaz69.cz\/?post_type=product&#038;p=3425"},"modified":"2026-02-13T11:55:14","modified_gmt":"2026-02-13T10:55:14","slug":"listova-pera-zadni-original","status":"publish","type":"product","link":"https:\/\/nd.gaz69.cz\/en\/produkt\/listova-pera-zadni-original\/","title":{"rendered":"Listov\u00e1 pera &#8211; zadn\u00ed &#8211; ORIGIN\u00c1L !"},"content":{"rendered":"<p>Nov\u00e9. Origin\u00e1l.<\/p>\n<p>Cena je uvedena za 1 p\u00e1r.<\/p>\n","protected":false},"excerpt":{"rendered":"<p>Nov\u00e9. Origin\u00e1l. Cena je uvedena za 1 p\u00e1r.<\/p>\n","protected":false},"featured_media":3426,"template":"","meta":[],"product_brand":[],"product_cat":[28],"product_tag":[],"class_list":{"0":"post-3425","1":"product","2":"type-product","3":"status-publish","4":"has-post-thumbnail","6":"product_cat-podvozek","8":"first","9":"instock","10":"shipping-taxable","11":"purchasable","12":"product-type-simple"},"_links":{"self":[{"href":"https:\/\/nd.gaz69.cz\/en\/wp-json\/wp\/v2\/product\/3425","targetHints":{"allow":["GET"]}}],"collection":[{"href":"https:\/\/nd.gaz69.cz\/en\/wp-json\/wp\/v2\/product"}],"about":[{"href":"https:\/\/nd.gaz69.cz\/en\/wp-json\/wp\/v2\/types\/product"}],"wp:featuredmedia":[{"embeddable":true,"href":"https:\/\/nd.gaz69.cz\/en\/wp-json\/wp\/v2\/media\/3426"}],"wp:attachment":[{"href":"https:\/\/nd.gaz69.cz\/en\/wp-json\/wp\/v2\/media?parent=3425"}],"wp:term":[{"taxonomy":"product_brand","embeddable":true,"href":"https:\/\/nd.gaz69.cz\/en\/wp-json\/wp\/v2\/product_brand?post=3425"},{"taxonomy":"product_cat","embeddable":true,"href":"https:\/\/nd.gaz69.cz\/en\/wp-json\/wp\/v2\/product_cat?post=3425"},{"taxonomy":"product_tag","embeddable":true,"href":"https:\/\/nd.gaz69.cz\/en\/wp-json\/wp\/v2\/product_tag?post=3425"}],"curies":[{"name":"wp","href":"https:\/\/api.w.org\/{rel}","templated":true}]}}