{"id":3350,"date":"2025-09-30T10:00:35","date_gmt":"2025-09-30T08:00:35","guid":{"rendered":"https:\/\/nd.gaz69.cz\/?post_type=product&#038;p=3350"},"modified":"2025-10-29T07:37:16","modified_gmt":"2025-10-29T06:37:16","slug":"drzak-hasiciho-pristroje","status":"publish","type":"product","link":"https:\/\/nd.gaz69.cz\/en\/produkt\/drzak-hasiciho-pristroje\/","title":{"rendered":"Dr\u017e\u00e1k hasic\u00edho p\u0159\u00edstroje"},"content":{"rendered":"<p>Analog. Nov\u00fd.<\/p>\n<p><strong>Vyrobeno dle origin\u00e1lu !<\/strong><\/p>\n","protected":false},"excerpt":{"rendered":"<p>Analog. Nov\u00fd. Vyrobeno dle origin\u00e1lu !<\/p>\n","protected":false},"featured_media":3353,"template":"","meta":[],"product_brand":[],"product_cat":[45,27,33,54],"product_tag":[],"class_list":{"0":"post-3350","1":"product","2":"type-product","3":"status-publish","4":"has-post-thumbnail","6":"product_cat-casti_kabiny","7":"product_cat-karoserie","8":"product_cat-vybava_naradi_doplnky","9":"product_cat-uaz_469_uaz_452","11":"first","12":"instock","13":"shipping-taxable","14":"purchasable","15":"product-type-simple"},"_links":{"self":[{"href":"https:\/\/nd.gaz69.cz\/en\/wp-json\/wp\/v2\/product\/3350","targetHints":{"allow":["GET"]}}],"collection":[{"href":"https:\/\/nd.gaz69.cz\/en\/wp-json\/wp\/v2\/product"}],"about":[{"href":"https:\/\/nd.gaz69.cz\/en\/wp-json\/wp\/v2\/types\/product"}],"wp:featuredmedia":[{"embeddable":true,"href":"https:\/\/nd.gaz69.cz\/en\/wp-json\/wp\/v2\/media\/3353"}],"wp:attachment":[{"href":"https:\/\/nd.gaz69.cz\/en\/wp-json\/wp\/v2\/media?parent=3350"}],"wp:term":[{"taxonomy":"product_brand","embeddable":true,"href":"https:\/\/nd.gaz69.cz\/en\/wp-json\/wp\/v2\/product_brand?post=3350"},{"taxonomy":"product_cat","embeddable":true,"href":"https:\/\/nd.gaz69.cz\/en\/wp-json\/wp\/v2\/product_cat?post=3350"},{"taxonomy":"product_tag","embeddable":true,"href":"https:\/\/nd.gaz69.cz\/en\/wp-json\/wp\/v2\/product_tag?post=3350"}],"curies":[{"name":"wp","href":"https:\/\/api.w.org\/{rel}","templated":true}]}}