{"id":335,"date":"2024-03-29T18:43:54","date_gmt":"2024-03-29T17:43:54","guid":{"rendered":"https:\/\/nd.gaz69.cz\/?post_type=product&#038;p=335"},"modified":"2025-06-17T15:29:07","modified_gmt":"2025-06-17T13:29:07","slug":"zapalovaci-svicka-%d0%bc12%d1%83","status":"publish","type":"product","link":"https:\/\/nd.gaz69.cz\/en\/produkt\/zapalovaci-svicka-%d0%bc12%d1%83\/","title":{"rendered":"Zapalovac\u00ed sv\u00ed\u010dka &#8211; \u041c12\u0443 &#8211; ORIGIN\u00c1L !"},"content":{"rendered":"<p>Origin\u00e1l. Nov\u00e1.<\/p>\n<p>Pro z\u00e1vit ,, 18 &#8220;<\/p>\n<p><strong>Nejlep\u0161\u00ed volba pro origin\u00e1l, spodov\u00fd motor.<\/strong><\/p>\n","protected":false},"excerpt":{"rendered":"<p>Origin\u00e1l. Nov\u00e1. Pro z\u00e1vit ,, 18 &#8220; Nejlep\u0161\u00ed volba pro origin\u00e1l, spodov\u00fd motor.<\/p>\n","protected":false},"featured_media":336,"template":"","meta":[],"product_brand":[],"product_cat":[31,18],"product_tag":[],"class_list":{"0":"post-335","1":"product","2":"type-product","3":"status-publish","4":"has-post-thumbnail","6":"product_cat-elektricke_casti","7":"product_cat-motor_spojka_prevodovky","9":"first","10":"instock","11":"shipping-taxable","12":"purchasable","13":"product-type-simple"},"_links":{"self":[{"href":"https:\/\/nd.gaz69.cz\/en\/wp-json\/wp\/v2\/product\/335","targetHints":{"allow":["GET"]}}],"collection":[{"href":"https:\/\/nd.gaz69.cz\/en\/wp-json\/wp\/v2\/product"}],"about":[{"href":"https:\/\/nd.gaz69.cz\/en\/wp-json\/wp\/v2\/types\/product"}],"wp:featuredmedia":[{"embeddable":true,"href":"https:\/\/nd.gaz69.cz\/en\/wp-json\/wp\/v2\/media\/336"}],"wp:attachment":[{"href":"https:\/\/nd.gaz69.cz\/en\/wp-json\/wp\/v2\/media?parent=335"}],"wp:term":[{"taxonomy":"product_brand","embeddable":true,"href":"https:\/\/nd.gaz69.cz\/en\/wp-json\/wp\/v2\/product_brand?post=335"},{"taxonomy":"product_cat","embeddable":true,"href":"https:\/\/nd.gaz69.cz\/en\/wp-json\/wp\/v2\/product_cat?post=335"},{"taxonomy":"product_tag","embeddable":true,"href":"https:\/\/nd.gaz69.cz\/en\/wp-json\/wp\/v2\/product_tag?post=335"}],"curies":[{"name":"wp","href":"https:\/\/api.w.org\/{rel}","templated":true}]}}