{"id":3345,"date":"2025-07-08T13:39:36","date_gmt":"2025-07-08T11:39:36","guid":{"rendered":"https:\/\/nd.gaz69.cz\/?post_type=product&#038;p=3345"},"modified":"2025-07-08T13:44:41","modified_gmt":"2025-07-08T11:44:41","slug":"plech-zadni-casti-operadla-gaz-69-gaz-69-a","status":"publish","type":"product","link":"https:\/\/nd.gaz69.cz\/en\/produkt\/plech-zadni-casti-operadla-gaz-69-gaz-69-a\/","title":{"rendered":"Plech zadn\u00ed \u010d\u00e1sti op\u011bradla &#8211; Gaz 69 \/ Gaz 69 A"},"content":{"rendered":"<p>Analog. Nov\u00fd.<\/p>\n","protected":false},"excerpt":{"rendered":"<p>Analog. Nov\u00fd.<\/p>\n","protected":false},"featured_media":3346,"template":"","meta":[],"product_brand":[],"product_cat":[45,27],"product_tag":[],"class_list":{"0":"post-3345","1":"product","2":"type-product","3":"status-publish","4":"has-post-thumbnail","6":"product_cat-casti_kabiny","7":"product_cat-karoserie","9":"first","10":"instock","11":"shipping-taxable","12":"purchasable","13":"product-type-simple"},"_links":{"self":[{"href":"https:\/\/nd.gaz69.cz\/en\/wp-json\/wp\/v2\/product\/3345","targetHints":{"allow":["GET"]}}],"collection":[{"href":"https:\/\/nd.gaz69.cz\/en\/wp-json\/wp\/v2\/product"}],"about":[{"href":"https:\/\/nd.gaz69.cz\/en\/wp-json\/wp\/v2\/types\/product"}],"wp:featuredmedia":[{"embeddable":true,"href":"https:\/\/nd.gaz69.cz\/en\/wp-json\/wp\/v2\/media\/3346"}],"wp:attachment":[{"href":"https:\/\/nd.gaz69.cz\/en\/wp-json\/wp\/v2\/media?parent=3345"}],"wp:term":[{"taxonomy":"product_brand","embeddable":true,"href":"https:\/\/nd.gaz69.cz\/en\/wp-json\/wp\/v2\/product_brand?post=3345"},{"taxonomy":"product_cat","embeddable":true,"href":"https:\/\/nd.gaz69.cz\/en\/wp-json\/wp\/v2\/product_cat?post=3345"},{"taxonomy":"product_tag","embeddable":true,"href":"https:\/\/nd.gaz69.cz\/en\/wp-json\/wp\/v2\/product_tag?post=3345"}],"curies":[{"name":"wp","href":"https:\/\/api.w.org\/{rel}","templated":true}]}}