{"id":3286,"date":"2025-03-25T17:44:54","date_gmt":"2025-03-25T16:44:54","guid":{"rendered":"https:\/\/nd.gaz69.cz\/?post_type=product&#038;p=3286"},"modified":"2025-03-25T17:44:54","modified_gmt":"2025-03-25T16:44:54","slug":"etiketa-hasiciho-pristroje-prvni-typ-50-leta","status":"publish","type":"product","link":"https:\/\/nd.gaz69.cz\/en\/produkt\/etiketa-hasiciho-pristroje-prvni-typ-50-leta\/","title":{"rendered":"Etiketa hasic\u00edho p\u0159\u00edstroje &#8211; prvn\u00ed typ &#8211; 50 l\u00e9ta"},"content":{"rendered":"<p>Lep\u00edc\u00ed pap\u00edrov\u00e1 etiketa hasic\u00edho p\u0159\u00edstroje, vyrobeno dle origin\u00e1l proveden\u00ed.<\/p>\n","protected":false},"excerpt":{"rendered":"<p>Lep\u00edc\u00ed pap\u00edrov\u00e1 etiketa hasic\u00edho p\u0159\u00edstroje, vyrobeno dle origin\u00e1l proveden\u00ed.<\/p>\n","protected":false},"featured_media":3287,"template":"","meta":[],"product_brand":[],"product_cat":[33],"product_tag":[],"class_list":{"0":"post-3286","1":"product","2":"type-product","3":"status-publish","4":"has-post-thumbnail","6":"product_cat-vybava_naradi_doplnky","8":"first","9":"instock","10":"shipping-taxable","11":"purchasable","12":"product-type-simple"},"_links":{"self":[{"href":"https:\/\/nd.gaz69.cz\/en\/wp-json\/wp\/v2\/product\/3286","targetHints":{"allow":["GET"]}}],"collection":[{"href":"https:\/\/nd.gaz69.cz\/en\/wp-json\/wp\/v2\/product"}],"about":[{"href":"https:\/\/nd.gaz69.cz\/en\/wp-json\/wp\/v2\/types\/product"}],"wp:featuredmedia":[{"embeddable":true,"href":"https:\/\/nd.gaz69.cz\/en\/wp-json\/wp\/v2\/media\/3287"}],"wp:attachment":[{"href":"https:\/\/nd.gaz69.cz\/en\/wp-json\/wp\/v2\/media?parent=3286"}],"wp:term":[{"taxonomy":"product_brand","embeddable":true,"href":"https:\/\/nd.gaz69.cz\/en\/wp-json\/wp\/v2\/product_brand?post=3286"},{"taxonomy":"product_cat","embeddable":true,"href":"https:\/\/nd.gaz69.cz\/en\/wp-json\/wp\/v2\/product_cat?post=3286"},{"taxonomy":"product_tag","embeddable":true,"href":"https:\/\/nd.gaz69.cz\/en\/wp-json\/wp\/v2\/product_tag?post=3286"}],"curies":[{"name":"wp","href":"https:\/\/api.w.org\/{rel}","templated":true}]}}