{"id":3273,"date":"2025-03-19T18:55:06","date_gmt":"2025-03-19T17:55:06","guid":{"rendered":"https:\/\/nd.gaz69.cz\/?post_type=product&#038;p=3273"},"modified":"2025-08-24T10:00:29","modified_gmt":"2025-08-24T08:00:29","slug":"vyrobni-stitek-pro-gaz-69-prvni-typ-50-leta-%d0%b3%d0%be%d1%80%d1%8c%d0%ba%d0%be%d0%b2%d1%81%d0%ba%d0%b8%d0%b9-%d0%b0%d0%b2%d1%82%d0%be%d0%bc%d0%be%d0%b1%d0%b8%d0%bb%d1%8c%d0%bd%d1%8b%d0%b9","status":"publish","type":"product","link":"https:\/\/nd.gaz69.cz\/en\/produkt\/vyrobni-stitek-pro-gaz-69-prvni-typ-50-leta-%d0%b3%d0%be%d1%80%d1%8c%d0%ba%d0%be%d0%b2%d1%81%d0%ba%d0%b8%d0%b9-%d0%b0%d0%b2%d1%82%d0%be%d0%bc%d0%be%d0%b1%d0%b8%d0%bb%d1%8c%d0%bd%d1%8b%d0%b9\/","title":{"rendered":"V\u00fdrobn\u00ed \u0161t\u00edtek pro Gaz 69 &#8211; prvn\u00ed typ &#8211; 50 l\u00e9ta &#8211; \u0413\u043e\u0440\u044c\u043a\u043e\u0432\u0441\u043a\u0438\u0439 \u0430\u0432\u0442\u043e\u043c\u043e\u0431\u0438\u043b\u044c\u043d\u044b\u0439 \u0437\u0430\u0432\u043e\u0434"},"content":{"rendered":"<p>Analog. Nov\u00fd.<\/p>\n","protected":false},"excerpt":{"rendered":"<p>Analog. Nov\u00fd.<\/p>\n","protected":false},"featured_media":3274,"template":"","meta":[],"product_brand":[],"product_cat":[45,27],"product_tag":[],"class_list":{"0":"post-3273","1":"product","2":"type-product","3":"status-publish","4":"has-post-thumbnail","6":"product_cat-casti_kabiny","7":"product_cat-karoserie","9":"first","10":"instock","11":"shipping-taxable","12":"purchasable","13":"product-type-simple"},"_links":{"self":[{"href":"https:\/\/nd.gaz69.cz\/en\/wp-json\/wp\/v2\/product\/3273","targetHints":{"allow":["GET"]}}],"collection":[{"href":"https:\/\/nd.gaz69.cz\/en\/wp-json\/wp\/v2\/product"}],"about":[{"href":"https:\/\/nd.gaz69.cz\/en\/wp-json\/wp\/v2\/types\/product"}],"wp:featuredmedia":[{"embeddable":true,"href":"https:\/\/nd.gaz69.cz\/en\/wp-json\/wp\/v2\/media\/3274"}],"wp:attachment":[{"href":"https:\/\/nd.gaz69.cz\/en\/wp-json\/wp\/v2\/media?parent=3273"}],"wp:term":[{"taxonomy":"product_brand","embeddable":true,"href":"https:\/\/nd.gaz69.cz\/en\/wp-json\/wp\/v2\/product_brand?post=3273"},{"taxonomy":"product_cat","embeddable":true,"href":"https:\/\/nd.gaz69.cz\/en\/wp-json\/wp\/v2\/product_cat?post=3273"},{"taxonomy":"product_tag","embeddable":true,"href":"https:\/\/nd.gaz69.cz\/en\/wp-json\/wp\/v2\/product_tag?post=3273"}],"curies":[{"name":"wp","href":"https:\/\/api.w.org\/{rel}","templated":true}]}}