{"id":3269,"date":"2025-03-19T18:52:04","date_gmt":"2025-03-19T17:52:04","guid":{"rendered":"https:\/\/nd.gaz69.cz\/?post_type=product&#038;p=3269"},"modified":"2025-03-19T18:52:56","modified_gmt":"2025-03-19T17:52:56","slug":"drzaky-nadrze-paliva-preni-zadni-gaz-69-a","status":"publish","type":"product","link":"https:\/\/nd.gaz69.cz\/en\/produkt\/drzaky-nadrze-paliva-preni-zadni-gaz-69-a\/","title":{"rendered":"Dr\u017e\u00e1ky n\u00e1dr\u017ee paliva \u2013 p\u0159en\u00ed, zadn\u00ed &#8211; Gaz 69 A"},"content":{"rendered":"<p>Analog. Nov\u00e9.<\/p>\n<p><strong>Cena je uvedena za 1 komplet pro 1 n\u00e1dr\u017e paliva.<\/strong><\/p>\n","protected":false},"excerpt":{"rendered":"<p>Analog. Nov\u00e9. Cena je uvedena za 1 komplet pro 1 n\u00e1dr\u017e paliva.<\/p>\n","protected":false},"featured_media":3270,"template":"","meta":[],"product_brand":[],"product_cat":[47],"product_tag":[],"class_list":{"0":"post-3269","1":"product","2":"type-product","3":"status-publish","4":"has-post-thumbnail","6":"product_cat-system_paliva","8":"first","9":"instock","10":"shipping-taxable","11":"purchasable","12":"product-type-simple"},"_links":{"self":[{"href":"https:\/\/nd.gaz69.cz\/en\/wp-json\/wp\/v2\/product\/3269","targetHints":{"allow":["GET"]}}],"collection":[{"href":"https:\/\/nd.gaz69.cz\/en\/wp-json\/wp\/v2\/product"}],"about":[{"href":"https:\/\/nd.gaz69.cz\/en\/wp-json\/wp\/v2\/types\/product"}],"wp:featuredmedia":[{"embeddable":true,"href":"https:\/\/nd.gaz69.cz\/en\/wp-json\/wp\/v2\/media\/3270"}],"wp:attachment":[{"href":"https:\/\/nd.gaz69.cz\/en\/wp-json\/wp\/v2\/media?parent=3269"}],"wp:term":[{"taxonomy":"product_brand","embeddable":true,"href":"https:\/\/nd.gaz69.cz\/en\/wp-json\/wp\/v2\/product_brand?post=3269"},{"taxonomy":"product_cat","embeddable":true,"href":"https:\/\/nd.gaz69.cz\/en\/wp-json\/wp\/v2\/product_cat?post=3269"},{"taxonomy":"product_tag","embeddable":true,"href":"https:\/\/nd.gaz69.cz\/en\/wp-json\/wp\/v2\/product_tag?post=3269"}],"curies":[{"name":"wp","href":"https:\/\/api.w.org\/{rel}","templated":true}]}}