{"id":323,"date":"2024-03-29T18:29:36","date_gmt":"2024-03-29T17:29:36","guid":{"rendered":"https:\/\/nd.gaz69.cz\/?post_type=product&#038;p=323"},"modified":"2025-08-19T17:18:18","modified_gmt":"2025-08-19T15:18:18","slug":"odrazky-oranzove","status":"publish","type":"product","link":"https:\/\/nd.gaz69.cz\/en\/produkt\/odrazky-oranzove\/","title":{"rendered":"Odrazky &#8211; oran\u017eov\u00e9 \u2013 ORIGIN\u00c1L !"},"content":{"rendered":"<p>Origin\u00e1l. Nov\u00e9.<\/p>\n<p>Cena je uvedena za 1 p\u00e1r.<\/p>\n","protected":false},"excerpt":{"rendered":"<p>Origin\u00e1l. Nov\u00e9. Cena je uvedena za 1 p\u00e1r.<\/p>\n","protected":false},"featured_media":324,"template":"","meta":[],"product_brand":[],"product_cat":[27,54,53],"product_tag":[],"class_list":{"0":"post-323","1":"product","2":"type-product","3":"status-publish","4":"has-post-thumbnail","6":"product_cat-karoserie","7":"product_cat-uaz_469_uaz_452","8":"product_cat-gaz_704_uaz_8109","10":"first","11":"instock","12":"shipping-taxable","13":"purchasable","14":"product-type-simple"},"_links":{"self":[{"href":"https:\/\/nd.gaz69.cz\/en\/wp-json\/wp\/v2\/product\/323","targetHints":{"allow":["GET"]}}],"collection":[{"href":"https:\/\/nd.gaz69.cz\/en\/wp-json\/wp\/v2\/product"}],"about":[{"href":"https:\/\/nd.gaz69.cz\/en\/wp-json\/wp\/v2\/types\/product"}],"wp:featuredmedia":[{"embeddable":true,"href":"https:\/\/nd.gaz69.cz\/en\/wp-json\/wp\/v2\/media\/324"}],"wp:attachment":[{"href":"https:\/\/nd.gaz69.cz\/en\/wp-json\/wp\/v2\/media?parent=323"}],"wp:term":[{"taxonomy":"product_brand","embeddable":true,"href":"https:\/\/nd.gaz69.cz\/en\/wp-json\/wp\/v2\/product_brand?post=323"},{"taxonomy":"product_cat","embeddable":true,"href":"https:\/\/nd.gaz69.cz\/en\/wp-json\/wp\/v2\/product_cat?post=323"},{"taxonomy":"product_tag","embeddable":true,"href":"https:\/\/nd.gaz69.cz\/en\/wp-json\/wp\/v2\/product_tag?post=323"}],"curies":[{"name":"wp","href":"https:\/\/api.w.org\/{rel}","templated":true}]}}