{"id":3215,"date":"2025-03-14T18:14:10","date_gmt":"2025-03-14T17:14:10","guid":{"rendered":"https:\/\/nd.gaz69.cz\/?post_type=product&#038;p=3215"},"modified":"2025-03-14T18:14:10","modified_gmt":"2025-03-14T17:14:10","slug":"trubky-brzdoveho-systemu-uaz-469","status":"publish","type":"product","link":"https:\/\/nd.gaz69.cz\/en\/produkt\/trubky-brzdoveho-systemu-uaz-469\/","title":{"rendered":"Trubky brzdov\u00e9ho syst\u00e9mu &#8211; UAZ 469"},"content":{"rendered":"<p>Analog. Nov\u00e9.<\/p>\n<p>Materi\u00e1l m\u011b\u010f.<\/p>\n","protected":false},"excerpt":{"rendered":"<p>Analog. Nov\u00e9. Materi\u00e1l m\u011b\u010f.<\/p>\n","protected":false},"featured_media":3216,"template":"","meta":[],"product_brand":[],"product_cat":[54],"product_tag":[],"class_list":{"0":"post-3215","1":"product","2":"type-product","3":"status-publish","4":"has-post-thumbnail","6":"product_cat-uaz_469_uaz_452","8":"first","9":"instock","10":"shipping-taxable","11":"purchasable","12":"product-type-simple"},"_links":{"self":[{"href":"https:\/\/nd.gaz69.cz\/en\/wp-json\/wp\/v2\/product\/3215","targetHints":{"allow":["GET"]}}],"collection":[{"href":"https:\/\/nd.gaz69.cz\/en\/wp-json\/wp\/v2\/product"}],"about":[{"href":"https:\/\/nd.gaz69.cz\/en\/wp-json\/wp\/v2\/types\/product"}],"wp:featuredmedia":[{"embeddable":true,"href":"https:\/\/nd.gaz69.cz\/en\/wp-json\/wp\/v2\/media\/3216"}],"wp:attachment":[{"href":"https:\/\/nd.gaz69.cz\/en\/wp-json\/wp\/v2\/media?parent=3215"}],"wp:term":[{"taxonomy":"product_brand","embeddable":true,"href":"https:\/\/nd.gaz69.cz\/en\/wp-json\/wp\/v2\/product_brand?post=3215"},{"taxonomy":"product_cat","embeddable":true,"href":"https:\/\/nd.gaz69.cz\/en\/wp-json\/wp\/v2\/product_cat?post=3215"},{"taxonomy":"product_tag","embeddable":true,"href":"https:\/\/nd.gaz69.cz\/en\/wp-json\/wp\/v2\/product_tag?post=3215"}],"curies":[{"name":"wp","href":"https:\/\/api.w.org\/{rel}","templated":true}]}}